{"id":1492,"date":"2024-04-30T18:41:18","date_gmt":"2024-04-30T16:41:18","guid":{"rendered":"https:\/\/sovamep.local\/recycling-and-recovery-of-industrial-waste-non-ferrous-metals\/"},"modified":"2024-06-01T22:18:32","modified_gmt":"2024-06-01T20:18:32","slug":"industrial-waste-non-ferrous-metals","status":"publish","type":"page","link":"https:\/\/sovamep.com\/en\/industrial-waste-non-ferrous-metals\/","title":{"rendered":"Non-ferrous metals"},"content":{"rendered":"\t\t<div data-elementor-type=\"wp-page\" data-elementor-id=\"1492\" class=\"elementor elementor-1492 elementor-959\">\n\t\t\t\t\t\t<section class=\"elementor-section elementor-top-section elementor-element elementor-element-55a528a elementor-section-full_width elementor-section-height-min-height elementor-section-height-default elementor-section-items-middle wpr-particle-no wpr-jarallax-no wpr-parallax-no wpr-sticky-section-no\" data-id=\"55a528a\" data-element_type=\"section\" data-settings=\"{&quot;background_background&quot;:&quot;classic&quot;}\">\n\t\t\t\t\t\t\t<div class=\"elementor-background-overlay\"><\/div>\n\t\t\t\t\t\t\t<div class=\"elementor-container elementor-column-gap-default\">\n\t\t\t\t\t<div class=\"elementor-column elementor-col-100 elementor-top-column elementor-element elementor-element-dbe1b10\" data-id=\"dbe1b10\" data-element_type=\"column\">\n\t\t\t<div class=\"elementor-widget-wrap elementor-element-populated\">\n\t\t\t\t\t\t<div class=\"elementor-element elementor-element-1693b19 elementor-widget elementor-widget-heading\" data-id=\"1693b19\" data-element_type=\"widget\" data-widget_type=\"heading.default\">\n\t\t\t\t<div class=\"elementor-widget-container\">\n\t\t\t\t\t<h2 class=\"elementor-heading-title elementor-size-default\">Non-ferrous metals<\/h2>\t\t\t\t<\/div>\n\t\t\t\t<\/div>\n\t\t\t\t\t<\/div>\n\t\t<\/div>\n\t\t\t\t\t<\/div>\n\t\t<\/section>\n\t\t\t\t<section class=\"elementor-section elementor-top-section elementor-element elementor-element-77ffcdb elementor-section-full_width elementor-section-height-default elementor-section-height-default wpr-particle-no wpr-jarallax-no wpr-parallax-no wpr-sticky-section-no\" data-id=\"77ffcdb\" data-element_type=\"section\">\n\t\t\t\t\t\t<div class=\"elementor-container elementor-column-gap-default\">\n\t\t\t\t\t<div class=\"elementor-column elementor-col-100 elementor-top-column elementor-element elementor-element-7b4ec05\" data-id=\"7b4ec05\" data-element_type=\"column\">\n\t\t\t<div class=\"elementor-widget-wrap elementor-element-populated\">\n\t\t\t\t\t\t<div class=\"elementor-element elementor-element-da2c27a elementor-widget__width-initial elementor-widget elementor-widget-heading\" data-id=\"da2c27a\" data-element_type=\"widget\" data-widget_type=\"heading.default\">\n\t\t\t\t<div class=\"elementor-widget-container\">\n\t\t\t\t\t<h3 class=\"elementor-heading-title elementor-size-default\">We recycle your non-ferrous metals<\/h3>\t\t\t\t<\/div>\n\t\t\t\t<\/div>\n\t\t\t\t<div class=\"elementor-element elementor-element-e1fa33d elementor-widget-divider--view-line elementor-widget elementor-widget-divider\" data-id=\"e1fa33d\" data-element_type=\"widget\" data-widget_type=\"divider.default\">\n\t\t\t\t<div class=\"elementor-widget-container\">\n\t\t\t\t\t\t\t<div class=\"elementor-divider\">\n\t\t\t<span class=\"elementor-divider-separator\">\n\t\t\t\t\t\t<\/span>\n\t\t<\/div>\n\t\t\t\t\t\t<\/div>\n\t\t\t\t<\/div>\n\t\t\t\t\t<\/div>\n\t\t<\/div>\n\t\t\t\t\t<\/div>\n\t\t<\/section>\n\t\t\t\t<section class=\"elementor-section elementor-top-section elementor-element elementor-element-c45f3bc elementor-section-full_width elementor-section-height-default elementor-section-height-default wpr-particle-no wpr-jarallax-no wpr-parallax-no wpr-sticky-section-no\" data-id=\"c45f3bc\" data-element_type=\"section\">\n\t\t\t\t\t\t<div class=\"elementor-container elementor-column-gap-default\">\n\t\t\t\t\t<div class=\"elementor-column elementor-col-50 elementor-top-column elementor-element elementor-element-65ac16a\" data-id=\"65ac16a\" data-element_type=\"column\">\n\t\t\t<div class=\"elementor-widget-wrap elementor-element-populated\">\n\t\t\t\t\t\t<div class=\"elementor-element elementor-element-a5c403d elementor-widget elementor-widget-text-editor\" data-id=\"a5c403d\" data-element_type=\"widget\" data-widget_type=\"text-editor.default\">\n\t\t\t\t<div class=\"elementor-widget-container\">\n\t\t\t\t\t\t\t\t\t<p>SOVAMEP specializes in the collection and processing of common metals in the form of filings and turnings. The metals mainly come from aeronautic, shipbuilding, space, weapons, food, steel, and demolition industries and all sectors which generate metal manufacturing or processing waste&#8230;<\/p>\n\t\t\t\t\t\t\t\t<\/div>\n\t\t\t\t<\/div>\n\t\t\t\t<div class=\"elementor-element elementor-element-294b734 elementor-widget elementor-widget-text-editor\" data-id=\"294b734\" data-element_type=\"widget\" data-widget_type=\"text-editor.default\">\n\t\t\t\t<div class=\"elementor-widget-container\">\n\t\t\t\t\t\t\t\t\t<p>This waste is collected and sorted and its quality identified for recycling in major foundries and European and international purchasing groups. We repurpose common metals such as :<\/p>\n\t\t\t\t\t\t\t\t<\/div>\n\t\t\t\t<\/div>\n\t\t\t\t<div class=\"elementor-element elementor-element-3996876 elementor-widget elementor-widget-text-editor\" data-id=\"3996876\" data-element_type=\"widget\" data-widget_type=\"text-editor.default\">\n\t\t\t\t<div class=\"elementor-widget-container\">\n\t\t\t\t\t\t\t\t\t<ul>\n<li>aluminum: turnings and filings<\/li>\n<li>copper-aluminium, copper-nickel alloys<\/li>\n<li>titanium: filings and turnings<\/li>\n<li>copper: cables<\/li>\n<li>bronze<\/li>\n<li>stainless steel<\/li>\n<li>tin and lead<\/li>\n<\/ul>\n\t\t\t\t\t\t\t\t<\/div>\n\t\t\t\t<\/div>\n\t\t\t\t\t<\/div>\n\t\t<\/div>\n\t\t\t\t<div class=\"elementor-column elementor-col-50 elementor-top-column elementor-element elementor-element-eb8b2df\" data-id=\"eb8b2df\" data-element_type=\"column\">\n\t\t\t<div class=\"elementor-widget-wrap elementor-element-populated\">\n\t\t\t\t\t\t<div class=\"elementor-element elementor-element-cbb72c3 elementor-widget elementor-widget-video\" data-id=\"cbb72c3\" data-element_type=\"widget\" data-settings=\"{&quot;youtube_url&quot;:&quot;https:\\\/\\\/youtu.be\\\/Qh5AwOaXFj8&quot;,&quot;video_type&quot;:&quot;youtube&quot;,&quot;controls&quot;:&quot;yes&quot;}\" data-widget_type=\"video.default\">\n\t\t\t\t<div class=\"elementor-widget-container\">\n\t\t\t\t\t\t\t<div class=\"elementor-wrapper elementor-open-inline\">\n\t\t\t<div class=\"elementor-video\"><\/div>\t\t<\/div>\n\t\t\t\t\t\t<\/div>\n\t\t\t\t<\/div>\n\t\t\t\t\t<\/div>\n\t\t<\/div>\n\t\t\t\t\t<\/div>\n\t\t<\/section>\n\t\t\t\t<section class=\"elementor-section elementor-top-section elementor-element elementor-element-c4c070e elementor-section-full_width elementor-section-height-default elementor-section-height-default wpr-particle-no wpr-jarallax-no wpr-parallax-no wpr-sticky-section-no\" data-id=\"c4c070e\" data-element_type=\"section\">\n\t\t\t\t\t\t<div class=\"elementor-container elementor-column-gap-default\">\n\t\t\t\t\t<div class=\"elementor-column elementor-col-33 elementor-top-column elementor-element elementor-element-c48b483\" data-id=\"c48b483\" data-element_type=\"column\">\n\t\t\t<div class=\"elementor-widget-wrap elementor-element-populated\">\n\t\t\t\t\t\t<div class=\"elementor-element elementor-element-bbffa5c elementor-widget elementor-widget-image\" data-id=\"bbffa5c\" data-element_type=\"widget\" data-widget_type=\"image.default\">\n\t\t\t\t<div class=\"elementor-widget-container\">\n\t\t\t\t\t\t\t\t\t\t\t\t\t\t\t<img fetchpriority=\"high\" decoding=\"async\" width=\"1024\" height=\"576\" src=\"https:\/\/sovamep.com\/wp-content\/uploads\/2024\/04\/sovamep-recyclage-metaux-non-ferreux-1-1024x576.webp\" class=\"attachment-large size-large wp-image-1428\" alt=\"\" srcset=\"https:\/\/sovamep.com\/wp-content\/uploads\/2024\/04\/sovamep-recyclage-metaux-non-ferreux-1-1024x576.webp 1024w, https:\/\/sovamep.com\/wp-content\/uploads\/2024\/04\/sovamep-recyclage-metaux-non-ferreux-1-300x169.webp 300w, https:\/\/sovamep.com\/wp-content\/uploads\/2024\/04\/sovamep-recyclage-metaux-non-ferreux-1-768x432.webp 768w, https:\/\/sovamep.com\/wp-content\/uploads\/2024\/04\/sovamep-recyclage-metaux-non-ferreux-1-1536x864.webp 1536w, https:\/\/sovamep.com\/wp-content\/uploads\/2024\/04\/sovamep-recyclage-metaux-non-ferreux-1-800x450.webp 800w, https:\/\/sovamep.com\/wp-content\/uploads\/2024\/04\/sovamep-recyclage-metaux-non-ferreux-1-200x113.webp 200w, https:\/\/sovamep.com\/wp-content\/uploads\/2024\/04\/sovamep-recyclage-metaux-non-ferreux-1.webp 1920w\" sizes=\"(max-width: 1024px) 100vw, 1024px\" \/>\t\t\t\t\t\t\t\t\t\t\t\t\t\t\t<\/div>\n\t\t\t\t<\/div>\n\t\t\t\t\t<\/div>\n\t\t<\/div>\n\t\t\t\t<div class=\"elementor-column elementor-col-33 elementor-top-column elementor-element elementor-element-703d215\" data-id=\"703d215\" data-element_type=\"column\">\n\t\t\t<div class=\"elementor-widget-wrap elementor-element-populated\">\n\t\t\t\t\t\t<div class=\"elementor-element elementor-element-1d6a3f0 elementor-widget elementor-widget-image\" data-id=\"1d6a3f0\" data-element_type=\"widget\" data-widget_type=\"image.default\">\n\t\t\t\t<div class=\"elementor-widget-container\">\n\t\t\t\t\t\t\t\t\t\t\t\t\t\t\t<img decoding=\"async\" width=\"1024\" height=\"576\" src=\"https:\/\/sovamep.com\/wp-content\/uploads\/2024\/04\/sovamep-recyclage-metaux-non-ferreux-2-1024x576.webp\" class=\"attachment-large size-large wp-image-1429\" alt=\"\" srcset=\"https:\/\/sovamep.com\/wp-content\/uploads\/2024\/04\/sovamep-recyclage-metaux-non-ferreux-2-1024x576.webp 1024w, https:\/\/sovamep.com\/wp-content\/uploads\/2024\/04\/sovamep-recyclage-metaux-non-ferreux-2-300x169.webp 300w, https:\/\/sovamep.com\/wp-content\/uploads\/2024\/04\/sovamep-recyclage-metaux-non-ferreux-2-768x432.webp 768w, https:\/\/sovamep.com\/wp-content\/uploads\/2024\/04\/sovamep-recyclage-metaux-non-ferreux-2-1536x864.webp 1536w, https:\/\/sovamep.com\/wp-content\/uploads\/2024\/04\/sovamep-recyclage-metaux-non-ferreux-2-800x450.webp 800w, https:\/\/sovamep.com\/wp-content\/uploads\/2024\/04\/sovamep-recyclage-metaux-non-ferreux-2-200x113.webp 200w, https:\/\/sovamep.com\/wp-content\/uploads\/2024\/04\/sovamep-recyclage-metaux-non-ferreux-2.webp 1920w\" sizes=\"(max-width: 1024px) 100vw, 1024px\" \/>\t\t\t\t\t\t\t\t\t\t\t\t\t\t\t<\/div>\n\t\t\t\t<\/div>\n\t\t\t\t\t<\/div>\n\t\t<\/div>\n\t\t\t\t<div class=\"elementor-column elementor-col-33 elementor-top-column elementor-element elementor-element-cf895d4\" data-id=\"cf895d4\" data-element_type=\"column\">\n\t\t\t<div class=\"elementor-widget-wrap elementor-element-populated\">\n\t\t\t\t\t\t<div class=\"elementor-element elementor-element-d3fef77 elementor-widget elementor-widget-image\" data-id=\"d3fef77\" data-element_type=\"widget\" data-widget_type=\"image.default\">\n\t\t\t\t<div class=\"elementor-widget-container\">\n\t\t\t\t\t\t\t\t\t\t\t\t\t\t\t<img decoding=\"async\" width=\"1024\" height=\"576\" src=\"https:\/\/sovamep.com\/wp-content\/uploads\/2024\/04\/sovamep-recyclage-metaux-non-ferreux-3-1024x576.webp\" class=\"attachment-large size-large wp-image-1430\" alt=\"\" srcset=\"https:\/\/sovamep.com\/wp-content\/uploads\/2024\/04\/sovamep-recyclage-metaux-non-ferreux-3-1024x576.webp 1024w, https:\/\/sovamep.com\/wp-content\/uploads\/2024\/04\/sovamep-recyclage-metaux-non-ferreux-3-300x169.webp 300w, https:\/\/sovamep.com\/wp-content\/uploads\/2024\/04\/sovamep-recyclage-metaux-non-ferreux-3-768x432.webp 768w, https:\/\/sovamep.com\/wp-content\/uploads\/2024\/04\/sovamep-recyclage-metaux-non-ferreux-3-1536x864.webp 1536w, https:\/\/sovamep.com\/wp-content\/uploads\/2024\/04\/sovamep-recyclage-metaux-non-ferreux-3-800x450.webp 800w, https:\/\/sovamep.com\/wp-content\/uploads\/2024\/04\/sovamep-recyclage-metaux-non-ferreux-3-200x113.webp 200w, https:\/\/sovamep.com\/wp-content\/uploads\/2024\/04\/sovamep-recyclage-metaux-non-ferreux-3.webp 1920w\" sizes=\"(max-width: 1024px) 100vw, 1024px\" \/>\t\t\t\t\t\t\t\t\t\t\t\t\t\t\t<\/div>\n\t\t\t\t<\/div>\n\t\t\t\t\t<\/div>\n\t\t<\/div>\n\t\t\t\t\t<\/div>\n\t\t<\/section>\n\t\t\t\t<\/div>\n\t\t","protected":false},"excerpt":{"rendered":"<p>Non-ferrous metals We recycle your non-ferrous metals SOVAMEP specializes in the collection and processing of common metals in the form of filings and turnings. The metals mainly come from aeronautic, shipbuilding, space, weapons, food, steel, and demolition industries and all sectors which generate metal manufacturing or processing waste&#8230; This waste is collected and sorted and its quality identified for recycling in major foundries and European and international purchasing groups. We repurpose common metals such as : aluminum: turnings and filings copper-aluminium, copper-nickel alloys titanium: filings and turnings copper: cables bronze stainless steel tin and lead<\/p>\n","protected":false},"author":1,"featured_media":1428,"parent":0,"menu_order":0,"comment_status":"closed","ping_status":"closed","template":"","meta":{"_acf_changed":false,"_eb_attr":"","_monsterinsights_skip_tracking":false,"_monsterinsights_sitenote_active":false,"_monsterinsights_sitenote_note":"","_monsterinsights_sitenote_category":0,"ocean_post_layout":"full-screen","ocean_both_sidebars_style":"","ocean_both_sidebars_content_width":0,"ocean_both_sidebars_sidebars_width":0,"ocean_sidebar":"","ocean_second_sidebar":"","ocean_disable_margins":"on","ocean_add_body_class":"","ocean_shortcode_before_top_bar":"","ocean_shortcode_after_top_bar":"","ocean_shortcode_before_header":"","ocean_shortcode_after_header":"","ocean_has_shortcode":"","ocean_shortcode_after_title":"","ocean_shortcode_before_footer_widgets":"","ocean_shortcode_after_footer_widgets":"","ocean_shortcode_before_footer_bottom":"","ocean_shortcode_after_footer_bottom":"","ocean_display_top_bar":"default","ocean_display_header":"default","ocean_header_style":"","ocean_center_header_left_menu":"","ocean_custom_header_template":"","ocean_custom_logo":0,"ocean_custom_retina_logo":0,"ocean_custom_logo_max_width":0,"ocean_custom_logo_tablet_max_width":0,"ocean_custom_logo_mobile_max_width":0,"ocean_custom_logo_max_height":0,"ocean_custom_logo_tablet_max_height":0,"ocean_custom_logo_mobile_max_height":0,"ocean_header_custom_menu":"","ocean_menu_typo_font_family":"","ocean_menu_typo_font_subset":"","ocean_menu_typo_font_size":0,"ocean_menu_typo_font_size_tablet":0,"ocean_menu_typo_font_size_mobile":0,"ocean_menu_typo_font_size_unit":"px","ocean_menu_typo_font_weight":"","ocean_menu_typo_font_weight_tablet":"","ocean_menu_typo_font_weight_mobile":"","ocean_menu_typo_transform":"","ocean_menu_typo_transform_tablet":"","ocean_menu_typo_transform_mobile":"","ocean_menu_typo_line_height":0,"ocean_menu_typo_line_height_tablet":0,"ocean_menu_typo_line_height_mobile":0,"ocean_menu_typo_line_height_unit":"","ocean_menu_typo_spacing":0,"ocean_menu_typo_spacing_tablet":0,"ocean_menu_typo_spacing_mobile":0,"ocean_menu_typo_spacing_unit":"","ocean_menu_link_color":"","ocean_menu_link_color_hover":"","ocean_menu_link_color_active":"","ocean_menu_link_background":"","ocean_menu_link_hover_background":"","ocean_menu_link_active_background":"","ocean_menu_social_links_bg":"","ocean_menu_social_hover_links_bg":"","ocean_menu_social_links_color":"","ocean_menu_social_hover_links_color":"","ocean_disable_title":"on","ocean_disable_heading":"default","ocean_post_title":"","ocean_post_subheading":"","ocean_post_title_style":"","ocean_post_title_background_color":"","ocean_post_title_background":0,"ocean_post_title_bg_image_position":"","ocean_post_title_bg_image_attachment":"","ocean_post_title_bg_image_repeat":"","ocean_post_title_bg_image_size":"","ocean_post_title_height":0,"ocean_post_title_bg_overlay":0.5,"ocean_post_title_bg_overlay_color":"","ocean_disable_breadcrumbs":"default","ocean_breadcrumbs_color":"","ocean_breadcrumbs_separator_color":"","ocean_breadcrumbs_links_color":"","ocean_breadcrumbs_links_hover_color":"","ocean_display_footer_widgets":"default","ocean_display_footer_bottom":"default","ocean_custom_footer_template":"","omw_enable_modal_window":"enable","footnotes":""},"class_list":["post-1492","page","type-page","status-publish","has-post-thumbnail","hentry","entry","has-media"],"acf":[],"yoast_head":"<!-- This site is optimized with the Yoast SEO plugin v26.0 - https:\/\/yoast.com\/wordpress\/plugins\/seo\/ -->\n<title>Recycling and recovery of non-ferrous metals - SOVAMEP<\/title>\n<meta name=\"description\" content=\"SOVAMEP - Collection and processing of metal waste, mainly from metalworking industries\" \/>\n<meta name=\"robots\" content=\"index, follow, max-snippet:-1, max-image-preview:large, max-video-preview:-1\" \/>\n<link rel=\"canonical\" href=\"https:\/\/sovamep.com\/en\/industrial-waste-non-ferrous-metals\/\" \/>\n<meta property=\"og:locale\" content=\"en_US\" \/>\n<meta property=\"og:type\" content=\"article\" \/>\n<meta property=\"og:title\" content=\"Recycling and recovery of non-ferrous metals - SOVAMEP\" \/>\n<meta property=\"og:description\" content=\"SOVAMEP - Collection and processing of metal waste, mainly from metalworking industries\" \/>\n<meta property=\"og:url\" content=\"https:\/\/sovamep.com\/en\/industrial-waste-non-ferrous-metals\/\" \/>\n<meta property=\"og:site_name\" content=\"SOVAMEP\" \/>\n<meta property=\"article:modified_time\" content=\"2024-06-01T20:18:32+00:00\" \/>\n<meta property=\"og:image\" content=\"https:\/\/sovamep.com\/wp-content\/uploads\/2024\/04\/sovamep-recyclage-metaux-non-ferreux-1.webp\" \/>\n\t<meta property=\"og:image:width\" content=\"1920\" \/>\n\t<meta property=\"og:image:height\" content=\"1080\" \/>\n\t<meta property=\"og:image:type\" content=\"image\/webp\" \/>\n<meta name=\"twitter:card\" content=\"summary_large_image\" \/>\n<script type=\"application\/ld+json\" class=\"yoast-schema-graph\">{\"@context\":\"https:\/\/schema.org\",\"@graph\":[{\"@type\":\"WebPage\",\"@id\":\"https:\/\/sovamep.com\/en\/industrial-waste-non-ferrous-metals\/\",\"url\":\"https:\/\/sovamep.com\/en\/industrial-waste-non-ferrous-metals\/\",\"name\":\"Recycling and recovery of non-ferrous metals - SOVAMEP\",\"isPartOf\":{\"@id\":\"https:\/\/sovamep.com\/en\/#website\"},\"primaryImageOfPage\":{\"@id\":\"https:\/\/sovamep.com\/en\/industrial-waste-non-ferrous-metals\/#primaryimage\"},\"image\":{\"@id\":\"https:\/\/sovamep.com\/en\/industrial-waste-non-ferrous-metals\/#primaryimage\"},\"thumbnailUrl\":\"https:\/\/sovamep.com\/wp-content\/uploads\/2024\/04\/sovamep-recyclage-metaux-non-ferreux-1.webp\",\"datePublished\":\"2024-04-30T16:41:18+00:00\",\"dateModified\":\"2024-06-01T20:18:32+00:00\",\"description\":\"SOVAMEP - Collection and processing of metal waste, mainly from metalworking industries\",\"breadcrumb\":{\"@id\":\"https:\/\/sovamep.com\/en\/industrial-waste-non-ferrous-metals\/#breadcrumb\"},\"inLanguage\":\"en-US\",\"potentialAction\":[{\"@type\":\"ReadAction\",\"target\":[\"https:\/\/sovamep.com\/en\/industrial-waste-non-ferrous-metals\/\"]}]},{\"@type\":\"ImageObject\",\"inLanguage\":\"en-US\",\"@id\":\"https:\/\/sovamep.com\/en\/industrial-waste-non-ferrous-metals\/#primaryimage\",\"url\":\"https:\/\/sovamep.com\/wp-content\/uploads\/2024\/04\/sovamep-recyclage-metaux-non-ferreux-1.webp\",\"contentUrl\":\"https:\/\/sovamep.com\/wp-content\/uploads\/2024\/04\/sovamep-recyclage-metaux-non-ferreux-1.webp\",\"width\":1920,\"height\":1080},{\"@type\":\"BreadcrumbList\",\"@id\":\"https:\/\/sovamep.com\/en\/industrial-waste-non-ferrous-metals\/#breadcrumb\",\"itemListElement\":[{\"@type\":\"ListItem\",\"position\":1,\"name\":\"Accueil\",\"item\":\"https:\/\/sovamep.com\/en\/\"},{\"@type\":\"ListItem\",\"position\":2,\"name\":\"Non-ferrous metals\"}]},{\"@type\":\"WebSite\",\"@id\":\"https:\/\/sovamep.com\/en\/#website\",\"url\":\"https:\/\/sovamep.com\/en\/\",\"name\":\"SOVAMEP\",\"description\":\"Recyclage &amp; valorisation des m\u00e9taux et des m\u00e9taux pr\u00e9cieux\",\"publisher\":{\"@id\":\"https:\/\/sovamep.com\/en\/#organization\"},\"potentialAction\":[{\"@type\":\"SearchAction\",\"target\":{\"@type\":\"EntryPoint\",\"urlTemplate\":\"https:\/\/sovamep.com\/en\/?s={search_term_string}\"},\"query-input\":{\"@type\":\"PropertyValueSpecification\",\"valueRequired\":true,\"valueName\":\"search_term_string\"}}],\"inLanguage\":\"en-US\"},{\"@type\":\"Organization\",\"@id\":\"https:\/\/sovamep.com\/en\/#organization\",\"name\":\"SOVAMEP\",\"url\":\"https:\/\/sovamep.com\/en\/\",\"logo\":{\"@type\":\"ImageObject\",\"inLanguage\":\"en-US\",\"@id\":\"https:\/\/sovamep.com\/en\/#\/schema\/logo\/image\/\",\"url\":\"https:\/\/sovamep.com\/wp-content\/uploads\/2024\/04\/logo-sovamep-degrade-424x90-1.png\",\"contentUrl\":\"https:\/\/sovamep.com\/wp-content\/uploads\/2024\/04\/logo-sovamep-degrade-424x90-1.png\",\"width\":424,\"height\":90,\"caption\":\"SOVAMEP\"},\"image\":{\"@id\":\"https:\/\/sovamep.com\/en\/#\/schema\/logo\/image\/\"}}]}<\/script>\n<!-- \/ Yoast SEO plugin. -->","yoast_head_json":{"title":"Recycling and recovery of non-ferrous metals - SOVAMEP","description":"SOVAMEP - Collection and processing of metal waste, mainly from metalworking industries","robots":{"index":"index","follow":"follow","max-snippet":"max-snippet:-1","max-image-preview":"max-image-preview:large","max-video-preview":"max-video-preview:-1"},"canonical":"https:\/\/sovamep.com\/en\/industrial-waste-non-ferrous-metals\/","og_locale":"en_US","og_type":"article","og_title":"Recycling and recovery of non-ferrous metals - SOVAMEP","og_description":"SOVAMEP - Collection and processing of metal waste, mainly from metalworking industries","og_url":"https:\/\/sovamep.com\/en\/industrial-waste-non-ferrous-metals\/","og_site_name":"SOVAMEP","article_modified_time":"2024-06-01T20:18:32+00:00","og_image":[{"width":1920,"height":1080,"url":"https:\/\/sovamep.com\/wp-content\/uploads\/2024\/04\/sovamep-recyclage-metaux-non-ferreux-1.webp","type":"image\/webp"}],"twitter_card":"summary_large_image","schema":{"@context":"https:\/\/schema.org","@graph":[{"@type":"WebPage","@id":"https:\/\/sovamep.com\/en\/industrial-waste-non-ferrous-metals\/","url":"https:\/\/sovamep.com\/en\/industrial-waste-non-ferrous-metals\/","name":"Recycling and recovery of non-ferrous metals - SOVAMEP","isPartOf":{"@id":"https:\/\/sovamep.com\/en\/#website"},"primaryImageOfPage":{"@id":"https:\/\/sovamep.com\/en\/industrial-waste-non-ferrous-metals\/#primaryimage"},"image":{"@id":"https:\/\/sovamep.com\/en\/industrial-waste-non-ferrous-metals\/#primaryimage"},"thumbnailUrl":"https:\/\/sovamep.com\/wp-content\/uploads\/2024\/04\/sovamep-recyclage-metaux-non-ferreux-1.webp","datePublished":"2024-04-30T16:41:18+00:00","dateModified":"2024-06-01T20:18:32+00:00","description":"SOVAMEP - Collection and processing of metal waste, mainly from metalworking industries","breadcrumb":{"@id":"https:\/\/sovamep.com\/en\/industrial-waste-non-ferrous-metals\/#breadcrumb"},"inLanguage":"en-US","potentialAction":[{"@type":"ReadAction","target":["https:\/\/sovamep.com\/en\/industrial-waste-non-ferrous-metals\/"]}]},{"@type":"ImageObject","inLanguage":"en-US","@id":"https:\/\/sovamep.com\/en\/industrial-waste-non-ferrous-metals\/#primaryimage","url":"https:\/\/sovamep.com\/wp-content\/uploads\/2024\/04\/sovamep-recyclage-metaux-non-ferreux-1.webp","contentUrl":"https:\/\/sovamep.com\/wp-content\/uploads\/2024\/04\/sovamep-recyclage-metaux-non-ferreux-1.webp","width":1920,"height":1080},{"@type":"BreadcrumbList","@id":"https:\/\/sovamep.com\/en\/industrial-waste-non-ferrous-metals\/#breadcrumb","itemListElement":[{"@type":"ListItem","position":1,"name":"Accueil","item":"https:\/\/sovamep.com\/en\/"},{"@type":"ListItem","position":2,"name":"Non-ferrous metals"}]},{"@type":"WebSite","@id":"https:\/\/sovamep.com\/en\/#website","url":"https:\/\/sovamep.com\/en\/","name":"SOVAMEP","description":"Recyclage &amp; valorisation des m\u00e9taux et des m\u00e9taux pr\u00e9cieux","publisher":{"@id":"https:\/\/sovamep.com\/en\/#organization"},"potentialAction":[{"@type":"SearchAction","target":{"@type":"EntryPoint","urlTemplate":"https:\/\/sovamep.com\/en\/?s={search_term_string}"},"query-input":{"@type":"PropertyValueSpecification","valueRequired":true,"valueName":"search_term_string"}}],"inLanguage":"en-US"},{"@type":"Organization","@id":"https:\/\/sovamep.com\/en\/#organization","name":"SOVAMEP","url":"https:\/\/sovamep.com\/en\/","logo":{"@type":"ImageObject","inLanguage":"en-US","@id":"https:\/\/sovamep.com\/en\/#\/schema\/logo\/image\/","url":"https:\/\/sovamep.com\/wp-content\/uploads\/2024\/04\/logo-sovamep-degrade-424x90-1.png","contentUrl":"https:\/\/sovamep.com\/wp-content\/uploads\/2024\/04\/logo-sovamep-degrade-424x90-1.png","width":424,"height":90,"caption":"SOVAMEP"},"image":{"@id":"https:\/\/sovamep.com\/en\/#\/schema\/logo\/image\/"}}]}},"_links":{"self":[{"href":"https:\/\/sovamep.com\/en\/wp-json\/wp\/v2\/pages\/1492","targetHints":{"allow":["GET"]}}],"collection":[{"href":"https:\/\/sovamep.com\/en\/wp-json\/wp\/v2\/pages"}],"about":[{"href":"https:\/\/sovamep.com\/en\/wp-json\/wp\/v2\/types\/page"}],"author":[{"embeddable":true,"href":"https:\/\/sovamep.com\/en\/wp-json\/wp\/v2\/users\/1"}],"replies":[{"embeddable":true,"href":"https:\/\/sovamep.com\/en\/wp-json\/wp\/v2\/comments?post=1492"}],"version-history":[{"count":0,"href":"https:\/\/sovamep.com\/en\/wp-json\/wp\/v2\/pages\/1492\/revisions"}],"wp:featuredmedia":[{"embeddable":true,"href":"https:\/\/sovamep.com\/en\/wp-json\/wp\/v2\/media\/1428"}],"wp:attachment":[{"href":"https:\/\/sovamep.com\/en\/wp-json\/wp\/v2\/media?parent=1492"}],"curies":[{"name":"wp","href":"https:\/\/api.w.org\/{rel}","templated":true}]}}