{"id":1516,"date":"2024-04-30T23:26:58","date_gmt":"2024-04-30T21:26:58","guid":{"rendered":"https:\/\/sovamep.local\/recycling-collection-and-recovery-of-industrial-waste-weee\/"},"modified":"2024-06-01T22:21:18","modified_gmt":"2024-06-01T20:21:18","slug":"industrial-waste-weee","status":"publish","type":"page","link":"https:\/\/sovamep.com\/en\/industrial-waste-weee\/","title":{"rendered":"WEEE"},"content":{"rendered":"\t\t<div data-elementor-type=\"wp-page\" data-elementor-id=\"1516\" class=\"elementor elementor-1516 elementor-1033\">\n\t\t\t\t\t\t<section class=\"elementor-section elementor-top-section elementor-element elementor-element-55a528a elementor-section-full_width elementor-section-height-min-height elementor-section-height-default elementor-section-items-middle wpr-particle-no wpr-jarallax-no wpr-parallax-no wpr-sticky-section-no\" data-id=\"55a528a\" data-element_type=\"section\" data-settings=\"{&quot;background_background&quot;:&quot;classic&quot;}\">\n\t\t\t\t\t\t\t<div class=\"elementor-background-overlay\"><\/div>\n\t\t\t\t\t\t\t<div class=\"elementor-container elementor-column-gap-default\">\n\t\t\t\t\t<div class=\"elementor-column elementor-col-100 elementor-top-column elementor-element elementor-element-dbe1b10\" data-id=\"dbe1b10\" data-element_type=\"column\">\n\t\t\t<div class=\"elementor-widget-wrap elementor-element-populated\">\n\t\t\t\t\t\t<div class=\"elementor-element elementor-element-1693b19 elementor-widget elementor-widget-heading\" data-id=\"1693b19\" data-element_type=\"widget\" data-widget_type=\"heading.default\">\n\t\t\t\t<div class=\"elementor-widget-container\">\n\t\t\t\t\t<h2 class=\"elementor-heading-title elementor-size-default\">WEEE<\/h2>\t\t\t\t<\/div>\n\t\t\t\t<\/div>\n\t\t\t\t\t<\/div>\n\t\t<\/div>\n\t\t\t\t\t<\/div>\n\t\t<\/section>\n\t\t\t\t<section class=\"elementor-section elementor-top-section elementor-element elementor-element-77ffcdb elementor-section-full_width elementor-section-height-default elementor-section-height-default wpr-particle-no wpr-jarallax-no wpr-parallax-no wpr-sticky-section-no\" data-id=\"77ffcdb\" data-element_type=\"section\">\n\t\t\t\t\t\t<div class=\"elementor-container elementor-column-gap-default\">\n\t\t\t\t\t<div class=\"elementor-column elementor-col-100 elementor-top-column elementor-element elementor-element-7b4ec05\" data-id=\"7b4ec05\" data-element_type=\"column\">\n\t\t\t<div class=\"elementor-widget-wrap elementor-element-populated\">\n\t\t\t\t\t\t<div class=\"elementor-element elementor-element-da2c27a elementor-widget__width-initial elementor-widget elementor-widget-heading\" data-id=\"da2c27a\" data-element_type=\"widget\" data-widget_type=\"heading.default\">\n\t\t\t\t<div class=\"elementor-widget-container\">\n\t\t\t\t\t<h3 class=\"elementor-heading-title elementor-size-default\">Waste electrical and electronic equipment<\/h3>\t\t\t\t<\/div>\n\t\t\t\t<\/div>\n\t\t\t\t<div class=\"elementor-element elementor-element-e1fa33d elementor-widget-divider--view-line elementor-widget elementor-widget-divider\" data-id=\"e1fa33d\" data-element_type=\"widget\" data-widget_type=\"divider.default\">\n\t\t\t\t<div class=\"elementor-widget-container\">\n\t\t\t\t\t\t\t<div class=\"elementor-divider\">\n\t\t\t<span class=\"elementor-divider-separator\">\n\t\t\t\t\t\t<\/span>\n\t\t<\/div>\n\t\t\t\t\t\t<\/div>\n\t\t\t\t<\/div>\n\t\t\t\t\t<\/div>\n\t\t<\/div>\n\t\t\t\t\t<\/div>\n\t\t<\/section>\n\t\t\t\t<section class=\"elementor-section elementor-top-section elementor-element elementor-element-c45f3bc elementor-section-full_width elementor-section-height-default elementor-section-height-default wpr-particle-no wpr-jarallax-no wpr-parallax-no wpr-sticky-section-no\" data-id=\"c45f3bc\" data-element_type=\"section\">\n\t\t\t\t\t\t<div class=\"elementor-container elementor-column-gap-default\">\n\t\t\t\t\t<div class=\"elementor-column elementor-col-100 elementor-top-column elementor-element elementor-element-65ac16a\" data-id=\"65ac16a\" data-element_type=\"column\">\n\t\t\t<div class=\"elementor-widget-wrap elementor-element-populated\">\n\t\t\t\t\t\t<div class=\"elementor-element elementor-element-a5c403d elementor-widget elementor-widget-text-editor\" data-id=\"a5c403d\" data-element_type=\"widget\" data-widget_type=\"text-editor.default\">\n\t\t\t\t<div class=\"elementor-widget-container\">\n\t\t\t\t\t\t\t\t\t<p>Mainly made of ferrous metals, non ferrous metals and plastics, professional WEEE (waste electrical and electronic equipment) is broken down and decontaminated at SOVAMEP (dangerous components like batteries and condensers are removed). The different materials are then processed at our common metal repurposing pole (iron, aluminum, copper) or our precious metal repurposing pole (electronic cards, components, etc.).<\/p>\n\t\t\t\t\t\t\t\t<\/div>\n\t\t\t\t<\/div>\n\t\t\t\t<div class=\"elementor-element elementor-element-3996876 elementor-widget elementor-widget-text-editor\" data-id=\"3996876\" data-element_type=\"widget\" data-widget_type=\"text-editor.default\">\n\t\t\t\t<div class=\"elementor-widget-container\">\n\t\t\t\t\t\t\t\t\t<p>We ensure the traceability of WEEE using waste tracking reports. Said reports are later destroyed to guarantee client data confidentiality.<\/p>\n\t\t\t\t\t\t\t\t<\/div>\n\t\t\t\t<\/div>\n\t\t\t\t\t<\/div>\n\t\t<\/div>\n\t\t\t\t\t<\/div>\n\t\t<\/section>\n\t\t\t\t<section class=\"elementor-section elementor-top-section elementor-element elementor-element-c4c070e elementor-section-full_width elementor-section-height-default elementor-section-height-default wpr-particle-no wpr-jarallax-no wpr-parallax-no wpr-sticky-section-no\" data-id=\"c4c070e\" data-element_type=\"section\">\n\t\t\t\t\t\t<div class=\"elementor-container elementor-column-gap-default\">\n\t\t\t\t\t<div class=\"elementor-column elementor-col-33 elementor-top-column elementor-element elementor-element-c48b483\" data-id=\"c48b483\" data-element_type=\"column\">\n\t\t\t<div class=\"elementor-widget-wrap elementor-element-populated\">\n\t\t\t\t\t\t<div class=\"elementor-element elementor-element-bbffa5c elementor-widget elementor-widget-image\" data-id=\"bbffa5c\" data-element_type=\"widget\" data-widget_type=\"image.default\">\n\t\t\t\t<div class=\"elementor-widget-container\">\n\t\t\t\t\t\t\t\t\t\t\t\t\t\t\t<img fetchpriority=\"high\" decoding=\"async\" width=\"500\" height=\"375\" src=\"https:\/\/sovamep.com\/wp-content\/uploads\/2024\/04\/sovamep-recyclage-deee-toulouse1.webp\" class=\"attachment-large size-large wp-image-1443\" alt=\"\" srcset=\"https:\/\/sovamep.com\/wp-content\/uploads\/2024\/04\/sovamep-recyclage-deee-toulouse1.webp 500w, https:\/\/sovamep.com\/wp-content\/uploads\/2024\/04\/sovamep-recyclage-deee-toulouse1-300x225.webp 300w, https:\/\/sovamep.com\/wp-content\/uploads\/2024\/04\/sovamep-recyclage-deee-toulouse1-200x150.webp 200w\" sizes=\"(max-width: 500px) 100vw, 500px\" \/>\t\t\t\t\t\t\t\t\t\t\t\t\t\t\t<\/div>\n\t\t\t\t<\/div>\n\t\t\t\t\t<\/div>\n\t\t<\/div>\n\t\t\t\t<div class=\"elementor-column elementor-col-33 elementor-top-column elementor-element elementor-element-703d215\" data-id=\"703d215\" data-element_type=\"column\">\n\t\t\t<div class=\"elementor-widget-wrap elementor-element-populated\">\n\t\t\t\t\t\t<div class=\"elementor-element elementor-element-1d6a3f0 elementor-widget elementor-widget-image\" data-id=\"1d6a3f0\" data-element_type=\"widget\" data-widget_type=\"image.default\">\n\t\t\t\t<div class=\"elementor-widget-container\">\n\t\t\t\t\t\t\t\t\t\t\t\t\t\t\t<img decoding=\"async\" width=\"500\" height=\"375\" src=\"https:\/\/sovamep.com\/wp-content\/uploads\/2024\/04\/sovamep-recyclage-deee-toulouse2.webp\" class=\"attachment-large size-large wp-image-1444\" alt=\"\" srcset=\"https:\/\/sovamep.com\/wp-content\/uploads\/2024\/04\/sovamep-recyclage-deee-toulouse2.webp 500w, https:\/\/sovamep.com\/wp-content\/uploads\/2024\/04\/sovamep-recyclage-deee-toulouse2-300x225.webp 300w, https:\/\/sovamep.com\/wp-content\/uploads\/2024\/04\/sovamep-recyclage-deee-toulouse2-200x150.webp 200w\" sizes=\"(max-width: 500px) 100vw, 500px\" \/>\t\t\t\t\t\t\t\t\t\t\t\t\t\t\t<\/div>\n\t\t\t\t<\/div>\n\t\t\t\t\t<\/div>\n\t\t<\/div>\n\t\t\t\t<div class=\"elementor-column elementor-col-33 elementor-top-column elementor-element elementor-element-cf895d4\" data-id=\"cf895d4\" data-element_type=\"column\">\n\t\t\t<div class=\"elementor-widget-wrap elementor-element-populated\">\n\t\t\t\t\t\t<div class=\"elementor-element elementor-element-d3fef77 elementor-widget elementor-widget-image\" data-id=\"d3fef77\" data-element_type=\"widget\" data-widget_type=\"image.default\">\n\t\t\t\t<div class=\"elementor-widget-container\">\n\t\t\t\t\t\t\t\t\t\t\t\t\t\t\t<img decoding=\"async\" width=\"500\" height=\"375\" src=\"https:\/\/sovamep.com\/wp-content\/uploads\/2024\/04\/sovamep-recyclage-deee-toulouse3.webp\" class=\"attachment-large size-large wp-image-1445\" alt=\"\" srcset=\"https:\/\/sovamep.com\/wp-content\/uploads\/2024\/04\/sovamep-recyclage-deee-toulouse3.webp 500w, https:\/\/sovamep.com\/wp-content\/uploads\/2024\/04\/sovamep-recyclage-deee-toulouse3-300x225.webp 300w, https:\/\/sovamep.com\/wp-content\/uploads\/2024\/04\/sovamep-recyclage-deee-toulouse3-200x150.webp 200w\" sizes=\"(max-width: 500px) 100vw, 500px\" \/>\t\t\t\t\t\t\t\t\t\t\t\t\t\t\t<\/div>\n\t\t\t\t<\/div>\n\t\t\t\t\t<\/div>\n\t\t<\/div>\n\t\t\t\t\t<\/div>\n\t\t<\/section>\n\t\t\t\t<\/div>\n\t\t","protected":false},"excerpt":{"rendered":"<p>WEEE Waste electrical and electronic equipment Mainly made of ferrous metals, non ferrous metals and plastics, professional WEEE (waste electrical and electronic equipment) is broken down and decontaminated at SOVAMEP (dangerous components like batteries and condensers are removed). The different materials are then processed at our common metal repurposing pole (iron, aluminum, copper) or our precious metal repurposing pole (electronic cards, components, etc.). We ensure the traceability of WEEE using waste tracking reports. Said reports are later destroyed to guarantee client data confidentiality.<\/p>\n","protected":false},"author":1,"featured_media":1443,"parent":0,"menu_order":0,"comment_status":"closed","ping_status":"closed","template":"","meta":{"_acf_changed":false,"_eb_attr":"","_monsterinsights_skip_tracking":false,"_monsterinsights_sitenote_active":false,"_monsterinsights_sitenote_note":"","_monsterinsights_sitenote_category":0,"ocean_post_layout":"full-screen","ocean_both_sidebars_style":"","ocean_both_sidebars_content_width":0,"ocean_both_sidebars_sidebars_width":0,"ocean_sidebar":"","ocean_second_sidebar":"","ocean_disable_margins":"on","ocean_add_body_class":"","ocean_shortcode_before_top_bar":"","ocean_shortcode_after_top_bar":"","ocean_shortcode_before_header":"","ocean_shortcode_after_header":"","ocean_has_shortcode":"","ocean_shortcode_after_title":"","ocean_shortcode_before_footer_widgets":"","ocean_shortcode_after_footer_widgets":"","ocean_shortcode_before_footer_bottom":"","ocean_shortcode_after_footer_bottom":"","ocean_display_top_bar":"default","ocean_display_header":"default","ocean_header_style":"","ocean_center_header_left_menu":"","ocean_custom_header_template":"","ocean_custom_logo":0,"ocean_custom_retina_logo":0,"ocean_custom_logo_max_width":0,"ocean_custom_logo_tablet_max_width":0,"ocean_custom_logo_mobile_max_width":0,"ocean_custom_logo_max_height":0,"ocean_custom_logo_tablet_max_height":0,"ocean_custom_logo_mobile_max_height":0,"ocean_header_custom_menu":"","ocean_menu_typo_font_family":"","ocean_menu_typo_font_subset":"","ocean_menu_typo_font_size":0,"ocean_menu_typo_font_size_tablet":0,"ocean_menu_typo_font_size_mobile":0,"ocean_menu_typo_font_size_unit":"px","ocean_menu_typo_font_weight":"","ocean_menu_typo_font_weight_tablet":"","ocean_menu_typo_font_weight_mobile":"","ocean_menu_typo_transform":"","ocean_menu_typo_transform_tablet":"","ocean_menu_typo_transform_mobile":"","ocean_menu_typo_line_height":0,"ocean_menu_typo_line_height_tablet":0,"ocean_menu_typo_line_height_mobile":0,"ocean_menu_typo_line_height_unit":"","ocean_menu_typo_spacing":0,"ocean_menu_typo_spacing_tablet":0,"ocean_menu_typo_spacing_mobile":0,"ocean_menu_typo_spacing_unit":"","ocean_menu_link_color":"","ocean_menu_link_color_hover":"","ocean_menu_link_color_active":"","ocean_menu_link_background":"","ocean_menu_link_hover_background":"","ocean_menu_link_active_background":"","ocean_menu_social_links_bg":"","ocean_menu_social_hover_links_bg":"","ocean_menu_social_links_color":"","ocean_menu_social_hover_links_color":"","ocean_disable_title":"on","ocean_disable_heading":"default","ocean_post_title":"","ocean_post_subheading":"","ocean_post_title_style":"","ocean_post_title_background_color":"","ocean_post_title_background":0,"ocean_post_title_bg_image_position":"","ocean_post_title_bg_image_attachment":"","ocean_post_title_bg_image_repeat":"","ocean_post_title_bg_image_size":"","ocean_post_title_height":0,"ocean_post_title_bg_overlay":0.5,"ocean_post_title_bg_overlay_color":"","ocean_disable_breadcrumbs":"default","ocean_breadcrumbs_color":"","ocean_breadcrumbs_separator_color":"","ocean_breadcrumbs_links_color":"","ocean_breadcrumbs_links_hover_color":"","ocean_display_footer_widgets":"default","ocean_display_footer_bottom":"default","ocean_custom_footer_template":"","omw_enable_modal_window":"enable","footnotes":""},"class_list":["post-1516","page","type-page","status-publish","has-post-thumbnail","hentry","entry","has-media"],"acf":[],"yoast_head":"<!-- This site is optimized with the Yoast SEO plugin v26.0 - https:\/\/yoast.com\/wordpress\/plugins\/seo\/ -->\n<title>Recycling and recovery of WEEE - SOVAMEP<\/title>\n<meta name=\"description\" content=\"SOVAMEP recovers WEEE (waste electrical and electronic equipment): ferrous and non-ferrous metals, plastics...\" \/>\n<meta name=\"robots\" content=\"index, follow, max-snippet:-1, max-image-preview:large, max-video-preview:-1\" \/>\n<link rel=\"canonical\" href=\"https:\/\/sovamep.com\/en\/industrial-waste-weee\/\" \/>\n<meta property=\"og:locale\" content=\"en_US\" \/>\n<meta property=\"og:type\" content=\"article\" \/>\n<meta property=\"og:title\" content=\"Recycling and recovery of WEEE - SOVAMEP\" \/>\n<meta property=\"og:description\" content=\"SOVAMEP recovers WEEE (waste electrical and electronic equipment): ferrous and non-ferrous metals, plastics...\" \/>\n<meta property=\"og:url\" content=\"https:\/\/sovamep.com\/en\/industrial-waste-weee\/\" \/>\n<meta property=\"og:site_name\" content=\"SOVAMEP\" \/>\n<meta property=\"article:modified_time\" content=\"2024-06-01T20:21:18+00:00\" \/>\n<meta property=\"og:image\" content=\"https:\/\/sovamep.com\/wp-content\/uploads\/2024\/04\/sovamep-recyclage-deee-toulouse1.webp\" \/>\n\t<meta property=\"og:image:width\" content=\"500\" \/>\n\t<meta property=\"og:image:height\" content=\"375\" \/>\n\t<meta property=\"og:image:type\" content=\"image\/webp\" \/>\n<meta name=\"twitter:card\" content=\"summary_large_image\" \/>\n<script type=\"application\/ld+json\" class=\"yoast-schema-graph\">{\"@context\":\"https:\/\/schema.org\",\"@graph\":[{\"@type\":\"WebPage\",\"@id\":\"https:\/\/sovamep.com\/en\/industrial-waste-weee\/\",\"url\":\"https:\/\/sovamep.com\/en\/industrial-waste-weee\/\",\"name\":\"Recycling and recovery of WEEE - SOVAMEP\",\"isPartOf\":{\"@id\":\"https:\/\/sovamep.com\/en\/#website\"},\"primaryImageOfPage\":{\"@id\":\"https:\/\/sovamep.com\/en\/industrial-waste-weee\/#primaryimage\"},\"image\":{\"@id\":\"https:\/\/sovamep.com\/en\/industrial-waste-weee\/#primaryimage\"},\"thumbnailUrl\":\"https:\/\/sovamep.com\/wp-content\/uploads\/2024\/04\/sovamep-recyclage-deee-toulouse1.webp\",\"datePublished\":\"2024-04-30T21:26:58+00:00\",\"dateModified\":\"2024-06-01T20:21:18+00:00\",\"description\":\"SOVAMEP recovers WEEE (waste electrical and electronic equipment): ferrous and non-ferrous metals, plastics...\",\"breadcrumb\":{\"@id\":\"https:\/\/sovamep.com\/en\/industrial-waste-weee\/#breadcrumb\"},\"inLanguage\":\"en-US\",\"potentialAction\":[{\"@type\":\"ReadAction\",\"target\":[\"https:\/\/sovamep.com\/en\/industrial-waste-weee\/\"]}]},{\"@type\":\"ImageObject\",\"inLanguage\":\"en-US\",\"@id\":\"https:\/\/sovamep.com\/en\/industrial-waste-weee\/#primaryimage\",\"url\":\"https:\/\/sovamep.com\/wp-content\/uploads\/2024\/04\/sovamep-recyclage-deee-toulouse1.webp\",\"contentUrl\":\"https:\/\/sovamep.com\/wp-content\/uploads\/2024\/04\/sovamep-recyclage-deee-toulouse1.webp\",\"width\":500,\"height\":375},{\"@type\":\"BreadcrumbList\",\"@id\":\"https:\/\/sovamep.com\/en\/industrial-waste-weee\/#breadcrumb\",\"itemListElement\":[{\"@type\":\"ListItem\",\"position\":1,\"name\":\"Accueil\",\"item\":\"https:\/\/sovamep.com\/en\/\"},{\"@type\":\"ListItem\",\"position\":2,\"name\":\"WEEE\"}]},{\"@type\":\"WebSite\",\"@id\":\"https:\/\/sovamep.com\/en\/#website\",\"url\":\"https:\/\/sovamep.com\/en\/\",\"name\":\"SOVAMEP\",\"description\":\"Recyclage &amp; valorisation des m\u00e9taux et des m\u00e9taux pr\u00e9cieux\",\"publisher\":{\"@id\":\"https:\/\/sovamep.com\/en\/#organization\"},\"potentialAction\":[{\"@type\":\"SearchAction\",\"target\":{\"@type\":\"EntryPoint\",\"urlTemplate\":\"https:\/\/sovamep.com\/en\/?s={search_term_string}\"},\"query-input\":{\"@type\":\"PropertyValueSpecification\",\"valueRequired\":true,\"valueName\":\"search_term_string\"}}],\"inLanguage\":\"en-US\"},{\"@type\":\"Organization\",\"@id\":\"https:\/\/sovamep.com\/en\/#organization\",\"name\":\"SOVAMEP\",\"url\":\"https:\/\/sovamep.com\/en\/\",\"logo\":{\"@type\":\"ImageObject\",\"inLanguage\":\"en-US\",\"@id\":\"https:\/\/sovamep.com\/en\/#\/schema\/logo\/image\/\",\"url\":\"https:\/\/sovamep.com\/wp-content\/uploads\/2024\/04\/logo-sovamep-degrade-424x90-1.png\",\"contentUrl\":\"https:\/\/sovamep.com\/wp-content\/uploads\/2024\/04\/logo-sovamep-degrade-424x90-1.png\",\"width\":424,\"height\":90,\"caption\":\"SOVAMEP\"},\"image\":{\"@id\":\"https:\/\/sovamep.com\/en\/#\/schema\/logo\/image\/\"}}]}<\/script>\n<!-- \/ Yoast SEO plugin. -->","yoast_head_json":{"title":"Recycling and recovery of WEEE - SOVAMEP","description":"SOVAMEP recovers WEEE (waste electrical and electronic equipment): ferrous and non-ferrous metals, plastics...","robots":{"index":"index","follow":"follow","max-snippet":"max-snippet:-1","max-image-preview":"max-image-preview:large","max-video-preview":"max-video-preview:-1"},"canonical":"https:\/\/sovamep.com\/en\/industrial-waste-weee\/","og_locale":"en_US","og_type":"article","og_title":"Recycling and recovery of WEEE - SOVAMEP","og_description":"SOVAMEP recovers WEEE (waste electrical and electronic equipment): ferrous and non-ferrous metals, plastics...","og_url":"https:\/\/sovamep.com\/en\/industrial-waste-weee\/","og_site_name":"SOVAMEP","article_modified_time":"2024-06-01T20:21:18+00:00","og_image":[{"width":500,"height":375,"url":"https:\/\/sovamep.com\/wp-content\/uploads\/2024\/04\/sovamep-recyclage-deee-toulouse1.webp","type":"image\/webp"}],"twitter_card":"summary_large_image","schema":{"@context":"https:\/\/schema.org","@graph":[{"@type":"WebPage","@id":"https:\/\/sovamep.com\/en\/industrial-waste-weee\/","url":"https:\/\/sovamep.com\/en\/industrial-waste-weee\/","name":"Recycling and recovery of WEEE - SOVAMEP","isPartOf":{"@id":"https:\/\/sovamep.com\/en\/#website"},"primaryImageOfPage":{"@id":"https:\/\/sovamep.com\/en\/industrial-waste-weee\/#primaryimage"},"image":{"@id":"https:\/\/sovamep.com\/en\/industrial-waste-weee\/#primaryimage"},"thumbnailUrl":"https:\/\/sovamep.com\/wp-content\/uploads\/2024\/04\/sovamep-recyclage-deee-toulouse1.webp","datePublished":"2024-04-30T21:26:58+00:00","dateModified":"2024-06-01T20:21:18+00:00","description":"SOVAMEP recovers WEEE (waste electrical and electronic equipment): ferrous and non-ferrous metals, plastics...","breadcrumb":{"@id":"https:\/\/sovamep.com\/en\/industrial-waste-weee\/#breadcrumb"},"inLanguage":"en-US","potentialAction":[{"@type":"ReadAction","target":["https:\/\/sovamep.com\/en\/industrial-waste-weee\/"]}]},{"@type":"ImageObject","inLanguage":"en-US","@id":"https:\/\/sovamep.com\/en\/industrial-waste-weee\/#primaryimage","url":"https:\/\/sovamep.com\/wp-content\/uploads\/2024\/04\/sovamep-recyclage-deee-toulouse1.webp","contentUrl":"https:\/\/sovamep.com\/wp-content\/uploads\/2024\/04\/sovamep-recyclage-deee-toulouse1.webp","width":500,"height":375},{"@type":"BreadcrumbList","@id":"https:\/\/sovamep.com\/en\/industrial-waste-weee\/#breadcrumb","itemListElement":[{"@type":"ListItem","position":1,"name":"Accueil","item":"https:\/\/sovamep.com\/en\/"},{"@type":"ListItem","position":2,"name":"WEEE"}]},{"@type":"WebSite","@id":"https:\/\/sovamep.com\/en\/#website","url":"https:\/\/sovamep.com\/en\/","name":"SOVAMEP","description":"Recyclage &amp; valorisation des m\u00e9taux et des m\u00e9taux pr\u00e9cieux","publisher":{"@id":"https:\/\/sovamep.com\/en\/#organization"},"potentialAction":[{"@type":"SearchAction","target":{"@type":"EntryPoint","urlTemplate":"https:\/\/sovamep.com\/en\/?s={search_term_string}"},"query-input":{"@type":"PropertyValueSpecification","valueRequired":true,"valueName":"search_term_string"}}],"inLanguage":"en-US"},{"@type":"Organization","@id":"https:\/\/sovamep.com\/en\/#organization","name":"SOVAMEP","url":"https:\/\/sovamep.com\/en\/","logo":{"@type":"ImageObject","inLanguage":"en-US","@id":"https:\/\/sovamep.com\/en\/#\/schema\/logo\/image\/","url":"https:\/\/sovamep.com\/wp-content\/uploads\/2024\/04\/logo-sovamep-degrade-424x90-1.png","contentUrl":"https:\/\/sovamep.com\/wp-content\/uploads\/2024\/04\/logo-sovamep-degrade-424x90-1.png","width":424,"height":90,"caption":"SOVAMEP"},"image":{"@id":"https:\/\/sovamep.com\/en\/#\/schema\/logo\/image\/"}}]}},"_links":{"self":[{"href":"https:\/\/sovamep.com\/en\/wp-json\/wp\/v2\/pages\/1516","targetHints":{"allow":["GET"]}}],"collection":[{"href":"https:\/\/sovamep.com\/en\/wp-json\/wp\/v2\/pages"}],"about":[{"href":"https:\/\/sovamep.com\/en\/wp-json\/wp\/v2\/types\/page"}],"author":[{"embeddable":true,"href":"https:\/\/sovamep.com\/en\/wp-json\/wp\/v2\/users\/1"}],"replies":[{"embeddable":true,"href":"https:\/\/sovamep.com\/en\/wp-json\/wp\/v2\/comments?post=1516"}],"version-history":[{"count":0,"href":"https:\/\/sovamep.com\/en\/wp-json\/wp\/v2\/pages\/1516\/revisions"}],"wp:featuredmedia":[{"embeddable":true,"href":"https:\/\/sovamep.com\/en\/wp-json\/wp\/v2\/media\/1443"}],"wp:attachment":[{"href":"https:\/\/sovamep.com\/en\/wp-json\/wp\/v2\/media?parent=1516"}],"curies":[{"name":"wp","href":"https:\/\/api.w.org\/{rel}","templated":true}]}}