{"id":1530,"date":"2024-05-01T17:00:34","date_gmt":"2024-05-01T15:00:34","guid":{"rendered":"https:\/\/sovamep.local\/frequently-asked-questions-faq\/"},"modified":"2024-06-24T17:15:28","modified_gmt":"2024-06-24T15:15:28","slug":"frequently-asked-questions-faq","status":"publish","type":"page","link":"https:\/\/sovamep.com\/en\/frequently-asked-questions-faq\/","title":{"rendered":"FAQ"},"content":{"rendered":"<h2>Frequently asked questions<br \/>FAQ<\/h2>\n<p>This is where you&#8217;ll find most of the answers. If you still have questions, please don&#8217;t hesitate to contact us.<\/p>\n<p>\t\t\t\t\t\t\t\t\t\t\t\t<a tabindex=\"0\">WHAT IS AN ICPE?<\/a><\/p>\n<p>It is an installation classified for the protection of the environment. It is in a fixed place and its operations present risks for the environment. A specific regulation applies to these installations and the DREAL is the government organisation which makes sure the regulation is observed.<\/p>\n<p>\t\t\t\t\t\t\t\t\t\t\t\t<a tabindex=\"0\">WHAT IS ISO 14001 CERTIFICATION?<\/a><\/p>\n<p>It is an international standard governing requirements concerning environmental management.<\/p>\n<p>\t\t\t\t\t\t\t\t\t\t\t\t<a tabindex=\"0\">IS IT MANDATORY?<\/a><\/p>\n<p>It is voluntary. The company that complies with the current regulations will set itself new targets to improve how it operates everyday in environmental terms. If a company complies with current regulations, it will set new targets for improving its environmental performance on a daily basis.<\/p>\n<p>\t\t\t\t\t\t\t\t\t\t\t\t<a tabindex=\"0\">WHO CHECKS?<\/a><\/p>\n<p>An accredited external organisation such as AFAQ AFNOR. It will perform audits every year to check the compliance and effectiveness of the environmental management system.<\/p>\n<p>\t\t\t\t\t\t\t\t\t\t\t\t\t<img decoding=\"async\" src=\"https:\/\/sovamep.local\/wp-content\/uploads\/2024\/06\/sovamep-robot-mascotte.png\" title=\"sovamep-robot-mascotte\" alt=\"sovamep-robot-mascotte\" loading=\"lazy\" \/>\t\t\t\t\t\t\t\t\t\t\t\t\t<\/p>\n<h3>Our certifications<\/h3>\n<p>Click on the images to download PDF documents.<\/p>\n<p>\t\t\t\t\t\t\t\t\t\t\t\t\t\t<a href=\"https:\/\/sovamep.local\/wp-content\/uploads\/2024\/05\/arrete-prefectoral-sovamep-recyclage-metaux-faq.pdf\" target=\"_blank\" rel=\"noopener\"><br \/>\n\t\t\t\t\t\t\t<img fetchpriority=\"high\" decoding=\"async\" width=\"300\" height=\"300\" src=\"https:\/\/sovamep.local\/wp-content\/uploads\/2024\/05\/arrete-prefectoral-sovamep-recyclage-metaux-faq.webp\" alt=\"arrete-prefectoral-sovamep-recyclage-metaux-faq\" srcset=\"https:\/\/sovamep.local\/wp-content\/uploads\/2024\/05\/arrete-prefectoral-sovamep-recyclage-metaux-faq.webp 300w, https:\/\/sovamep.local\/wp-content\/uploads\/2024\/05\/arrete-prefectoral-sovamep-recyclage-metaux-faq-150x150.webp 150w, https:\/\/sovamep.local\/wp-content\/uploads\/2024\/05\/arrete-prefectoral-sovamep-recyclage-metaux-faq-200x200.webp 200w\" sizes=\"(max-width: 300px) 100vw, 300px\" \/>\t\t\t\t\t\t\t\t<\/a><br \/>\n\t\t\t\t\t\t\t\t\t\t\t\t\t\t<a href=\"https:\/\/sovamep.local\/wp-content\/uploads\/2024\/05\/negoce-courtage-sovamep-recyclage-metaux-faq.pdf\" target=\"_blank\" rel=\"noopener\"><br \/>\n\t\t\t\t\t\t\t<img decoding=\"async\" width=\"300\" height=\"300\" src=\"https:\/\/sovamep.local\/wp-content\/uploads\/2024\/05\/negoce-courtage-sovamep-recyclage-metaux-faq.webp\" alt=\"negoce-courtage-sovamep-recyclage-metaux-faq\" srcset=\"https:\/\/sovamep.local\/wp-content\/uploads\/2024\/05\/negoce-courtage-sovamep-recyclage-metaux-faq.webp 300w, https:\/\/sovamep.local\/wp-content\/uploads\/2024\/05\/negoce-courtage-sovamep-recyclage-metaux-faq-150x150.webp 150w, https:\/\/sovamep.local\/wp-content\/uploads\/2024\/05\/negoce-courtage-sovamep-recyclage-metaux-faq-200x200.webp 200w\" sizes=\"(max-width: 300px) 100vw, 300px\" \/>\t\t\t\t\t\t\t\t<\/a><br \/>\n\t\t\t\t\t\t\t\t\t\t\t\t\t\t<a href=\"https:\/\/sovamep.local\/wp-content\/uploads\/2024\/05\/Certificat-ISO14001.pdf\" target=\"_blank\" rel=\"noopener\"><br \/>\n\t\t\t\t\t\t\t<img decoding=\"async\" src=\"https:\/\/sovamep.local\/wp-content\/uploads\/elementor\/thumbs\/certification-afaq-iso-14001-a3a0b2ad-qn5i5p5uadtiws59lo4m1icwbh2rqbzq6tvk5zjd34.webp\" title=\"certification-afaq-iso-14001-a3a0b2ad\" alt=\"certification-afaq-iso-14001-a3a0b2ad\" loading=\"lazy\" \/>\t\t\t\t\t\t\t\t<\/a><\/p>\n","protected":false},"excerpt":{"rendered":"<p>Frequently asked questionsFAQ This is where you&#8217;ll find most of the answers. If you still have questions, please don&#8217;t hesitate to contact us. WHAT IS AN ICPE? It is an installation classified for the protection of the environment. It is in a fixed place and its operations present risks for the environment. A specific regulation applies to these installations and the DREAL is the government organisation which makes sure the regulation is observed. WHAT IS ISO 14001 CERTIFICATION? It is an international standard governing requirements concerning environmental management. IS IT MANDATORY? It is voluntary. The company that complies with the current regulations will set itself new targets to improve how it operates everyday in environmental terms. If a company complies with current regulations, it will set new targets for improving its environmental performance on a daily basis. WHO CHECKS? An accredited external organisation such as AFAQ AFNOR. It will perform audits every year to check the compliance and effectiveness of the environmental management system. Our certifications Click on the images to download PDF documents.<\/p>\n","protected":false},"author":1,"featured_media":1454,"parent":0,"menu_order":0,"comment_status":"closed","ping_status":"closed","template":"","meta":{"_acf_changed":false,"_eb_attr":"","_monsterinsights_skip_tracking":false,"_monsterinsights_sitenote_active":false,"_monsterinsights_sitenote_note":"","_monsterinsights_sitenote_category":0,"ocean_post_layout":"full-screen","ocean_both_sidebars_style":"","ocean_both_sidebars_content_width":0,"ocean_both_sidebars_sidebars_width":0,"ocean_sidebar":"","ocean_second_sidebar":"","ocean_disable_margins":"on","ocean_add_body_class":"","ocean_shortcode_before_top_bar":"","ocean_shortcode_after_top_bar":"","ocean_shortcode_before_header":"","ocean_shortcode_after_header":"","ocean_has_shortcode":"","ocean_shortcode_after_title":"","ocean_shortcode_before_footer_widgets":"","ocean_shortcode_after_footer_widgets":"","ocean_shortcode_before_footer_bottom":"","ocean_shortcode_after_footer_bottom":"","ocean_display_top_bar":"default","ocean_display_header":"default","ocean_header_style":"","ocean_center_header_left_menu":"","ocean_custom_header_template":"","ocean_custom_logo":0,"ocean_custom_retina_logo":0,"ocean_custom_logo_max_width":0,"ocean_custom_logo_tablet_max_width":0,"ocean_custom_logo_mobile_max_width":0,"ocean_custom_logo_max_height":0,"ocean_custom_logo_tablet_max_height":0,"ocean_custom_logo_mobile_max_height":0,"ocean_header_custom_menu":"","ocean_menu_typo_font_family":"","ocean_menu_typo_font_subset":"","ocean_menu_typo_font_size":0,"ocean_menu_typo_font_size_tablet":0,"ocean_menu_typo_font_size_mobile":0,"ocean_menu_typo_font_size_unit":"px","ocean_menu_typo_font_weight":"","ocean_menu_typo_font_weight_tablet":"","ocean_menu_typo_font_weight_mobile":"","ocean_menu_typo_transform":"","ocean_menu_typo_transform_tablet":"","ocean_menu_typo_transform_mobile":"","ocean_menu_typo_line_height":0,"ocean_menu_typo_line_height_tablet":0,"ocean_menu_typo_line_height_mobile":0,"ocean_menu_typo_line_height_unit":"","ocean_menu_typo_spacing":0,"ocean_menu_typo_spacing_tablet":0,"ocean_menu_typo_spacing_mobile":0,"ocean_menu_typo_spacing_unit":"","ocean_menu_link_color":"","ocean_menu_link_color_hover":"","ocean_menu_link_color_active":"","ocean_menu_link_background":"","ocean_menu_link_hover_background":"","ocean_menu_link_active_background":"","ocean_menu_social_links_bg":"","ocean_menu_social_hover_links_bg":"","ocean_menu_social_links_color":"","ocean_menu_social_hover_links_color":"","ocean_disable_title":"on","ocean_disable_heading":"default","ocean_post_title":"","ocean_post_subheading":"","ocean_post_title_style":"","ocean_post_title_background_color":"","ocean_post_title_background":0,"ocean_post_title_bg_image_position":"","ocean_post_title_bg_image_attachment":"","ocean_post_title_bg_image_repeat":"","ocean_post_title_bg_image_size":"","ocean_post_title_height":0,"ocean_post_title_bg_overlay":0.5,"ocean_post_title_bg_overlay_color":"","ocean_disable_breadcrumbs":"default","ocean_breadcrumbs_color":"","ocean_breadcrumbs_separator_color":"","ocean_breadcrumbs_links_color":"","ocean_breadcrumbs_links_hover_color":"","ocean_display_footer_widgets":"default","ocean_display_footer_bottom":"default","ocean_custom_footer_template":"","omw_enable_modal_window":"enable","footnotes":""},"class_list":["post-1530","page","type-page","status-publish","has-post-thumbnail","hentry","entry","has-media"],"acf":[],"yoast_head":"<!-- This site is optimized with the Yoast SEO plugin v26.0 - https:\/\/yoast.com\/wordpress\/plugins\/seo\/ -->\n<title>FAQ - SOVAMEP<\/title>\n<meta name=\"description\" content=\"FAQ SOVAMEP - Collection, recycling and recovery of industrial metal waste, metals and precious metals - FAQ\" \/>\n<meta name=\"robots\" content=\"index, follow, max-snippet:-1, max-image-preview:large, max-video-preview:-1\" \/>\n<link rel=\"canonical\" href=\"https:\/\/sovamep.com\/en\/frequently-asked-questions-faq\/\" \/>\n<meta property=\"og:locale\" content=\"en_US\" \/>\n<meta property=\"og:type\" content=\"article\" \/>\n<meta property=\"og:title\" content=\"FAQ - SOVAMEP\" \/>\n<meta property=\"og:description\" content=\"FAQ SOVAMEP - Collection, recycling and recovery of industrial metal waste, metals and precious metals - FAQ\" \/>\n<meta property=\"og:url\" content=\"https:\/\/sovamep.com\/en\/frequently-asked-questions-faq\/\" \/>\n<meta property=\"og:site_name\" content=\"SOVAMEP\" \/>\n<meta property=\"article:modified_time\" content=\"2024-06-24T15:15:28+00:00\" \/>\n<meta property=\"og:image\" content=\"https:\/\/sovamep.com\/wp-content\/uploads\/2024\/05\/arrete-prefectoral-sovamep-recyclage-metaux-faq.webp\" \/>\n\t<meta property=\"og:image:width\" content=\"300\" \/>\n\t<meta property=\"og:image:height\" content=\"300\" \/>\n\t<meta property=\"og:image:type\" content=\"image\/webp\" \/>\n<meta name=\"twitter:card\" content=\"summary_large_image\" \/>\n<meta name=\"twitter:label1\" content=\"Est. reading time\" \/>\n\t<meta name=\"twitter:data1\" content=\"1 minute\" \/>\n<script type=\"application\/ld+json\" class=\"yoast-schema-graph\">{\"@context\":\"https:\/\/schema.org\",\"@graph\":[{\"@type\":\"WebPage\",\"@id\":\"https:\/\/sovamep.com\/en\/frequently-asked-questions-faq\/\",\"url\":\"https:\/\/sovamep.com\/en\/frequently-asked-questions-faq\/\",\"name\":\"FAQ - SOVAMEP\",\"isPartOf\":{\"@id\":\"https:\/\/sovamep.com\/en\/#website\"},\"primaryImageOfPage\":{\"@id\":\"https:\/\/sovamep.com\/en\/frequently-asked-questions-faq\/#primaryimage\"},\"image\":{\"@id\":\"https:\/\/sovamep.com\/en\/frequently-asked-questions-faq\/#primaryimage\"},\"thumbnailUrl\":\"https:\/\/sovamep.com\/wp-content\/uploads\/2024\/05\/arrete-prefectoral-sovamep-recyclage-metaux-faq.webp\",\"datePublished\":\"2024-05-01T15:00:34+00:00\",\"dateModified\":\"2024-06-24T15:15:28+00:00\",\"description\":\"FAQ SOVAMEP - Collection, recycling and recovery of industrial metal waste, metals and precious metals - FAQ\",\"breadcrumb\":{\"@id\":\"https:\/\/sovamep.com\/en\/frequently-asked-questions-faq\/#breadcrumb\"},\"inLanguage\":\"en-US\",\"potentialAction\":[{\"@type\":\"ReadAction\",\"target\":[\"https:\/\/sovamep.com\/en\/frequently-asked-questions-faq\/\"]}]},{\"@type\":\"ImageObject\",\"inLanguage\":\"en-US\",\"@id\":\"https:\/\/sovamep.com\/en\/frequently-asked-questions-faq\/#primaryimage\",\"url\":\"https:\/\/sovamep.com\/wp-content\/uploads\/2024\/05\/arrete-prefectoral-sovamep-recyclage-metaux-faq.webp\",\"contentUrl\":\"https:\/\/sovamep.com\/wp-content\/uploads\/2024\/05\/arrete-prefectoral-sovamep-recyclage-metaux-faq.webp\",\"width\":300,\"height\":300},{\"@type\":\"BreadcrumbList\",\"@id\":\"https:\/\/sovamep.com\/en\/frequently-asked-questions-faq\/#breadcrumb\",\"itemListElement\":[{\"@type\":\"ListItem\",\"position\":1,\"name\":\"Accueil\",\"item\":\"https:\/\/sovamep.com\/en\/\"},{\"@type\":\"ListItem\",\"position\":2,\"name\":\"FAQ\"}]},{\"@type\":\"WebSite\",\"@id\":\"https:\/\/sovamep.com\/en\/#website\",\"url\":\"https:\/\/sovamep.com\/en\/\",\"name\":\"SOVAMEP\",\"description\":\"Recyclage &amp; valorisation des m\u00e9taux et des m\u00e9taux pr\u00e9cieux\",\"publisher\":{\"@id\":\"https:\/\/sovamep.com\/en\/#organization\"},\"potentialAction\":[{\"@type\":\"SearchAction\",\"target\":{\"@type\":\"EntryPoint\",\"urlTemplate\":\"https:\/\/sovamep.com\/en\/?s={search_term_string}\"},\"query-input\":{\"@type\":\"PropertyValueSpecification\",\"valueRequired\":true,\"valueName\":\"search_term_string\"}}],\"inLanguage\":\"en-US\"},{\"@type\":\"Organization\",\"@id\":\"https:\/\/sovamep.com\/en\/#organization\",\"name\":\"SOVAMEP\",\"url\":\"https:\/\/sovamep.com\/en\/\",\"logo\":{\"@type\":\"ImageObject\",\"inLanguage\":\"en-US\",\"@id\":\"https:\/\/sovamep.com\/en\/#\/schema\/logo\/image\/\",\"url\":\"https:\/\/sovamep.com\/wp-content\/uploads\/2024\/04\/logo-sovamep-degrade-424x90-1.png\",\"contentUrl\":\"https:\/\/sovamep.com\/wp-content\/uploads\/2024\/04\/logo-sovamep-degrade-424x90-1.png\",\"width\":424,\"height\":90,\"caption\":\"SOVAMEP\"},\"image\":{\"@id\":\"https:\/\/sovamep.com\/en\/#\/schema\/logo\/image\/\"}}]}<\/script>\n<!-- \/ Yoast SEO plugin. -->","yoast_head_json":{"title":"FAQ - SOVAMEP","description":"FAQ SOVAMEP - Collection, recycling and recovery of industrial metal waste, metals and precious metals - FAQ","robots":{"index":"index","follow":"follow","max-snippet":"max-snippet:-1","max-image-preview":"max-image-preview:large","max-video-preview":"max-video-preview:-1"},"canonical":"https:\/\/sovamep.com\/en\/frequently-asked-questions-faq\/","og_locale":"en_US","og_type":"article","og_title":"FAQ - SOVAMEP","og_description":"FAQ SOVAMEP - Collection, recycling and recovery of industrial metal waste, metals and precious metals - FAQ","og_url":"https:\/\/sovamep.com\/en\/frequently-asked-questions-faq\/","og_site_name":"SOVAMEP","article_modified_time":"2024-06-24T15:15:28+00:00","og_image":[{"width":300,"height":300,"url":"https:\/\/sovamep.com\/wp-content\/uploads\/2024\/05\/arrete-prefectoral-sovamep-recyclage-metaux-faq.webp","type":"image\/webp"}],"twitter_card":"summary_large_image","twitter_misc":{"Est. reading time":"1 minute"},"schema":{"@context":"https:\/\/schema.org","@graph":[{"@type":"WebPage","@id":"https:\/\/sovamep.com\/en\/frequently-asked-questions-faq\/","url":"https:\/\/sovamep.com\/en\/frequently-asked-questions-faq\/","name":"FAQ - SOVAMEP","isPartOf":{"@id":"https:\/\/sovamep.com\/en\/#website"},"primaryImageOfPage":{"@id":"https:\/\/sovamep.com\/en\/frequently-asked-questions-faq\/#primaryimage"},"image":{"@id":"https:\/\/sovamep.com\/en\/frequently-asked-questions-faq\/#primaryimage"},"thumbnailUrl":"https:\/\/sovamep.com\/wp-content\/uploads\/2024\/05\/arrete-prefectoral-sovamep-recyclage-metaux-faq.webp","datePublished":"2024-05-01T15:00:34+00:00","dateModified":"2024-06-24T15:15:28+00:00","description":"FAQ SOVAMEP - Collection, recycling and recovery of industrial metal waste, metals and precious metals - FAQ","breadcrumb":{"@id":"https:\/\/sovamep.com\/en\/frequently-asked-questions-faq\/#breadcrumb"},"inLanguage":"en-US","potentialAction":[{"@type":"ReadAction","target":["https:\/\/sovamep.com\/en\/frequently-asked-questions-faq\/"]}]},{"@type":"ImageObject","inLanguage":"en-US","@id":"https:\/\/sovamep.com\/en\/frequently-asked-questions-faq\/#primaryimage","url":"https:\/\/sovamep.com\/wp-content\/uploads\/2024\/05\/arrete-prefectoral-sovamep-recyclage-metaux-faq.webp","contentUrl":"https:\/\/sovamep.com\/wp-content\/uploads\/2024\/05\/arrete-prefectoral-sovamep-recyclage-metaux-faq.webp","width":300,"height":300},{"@type":"BreadcrumbList","@id":"https:\/\/sovamep.com\/en\/frequently-asked-questions-faq\/#breadcrumb","itemListElement":[{"@type":"ListItem","position":1,"name":"Accueil","item":"https:\/\/sovamep.com\/en\/"},{"@type":"ListItem","position":2,"name":"FAQ"}]},{"@type":"WebSite","@id":"https:\/\/sovamep.com\/en\/#website","url":"https:\/\/sovamep.com\/en\/","name":"SOVAMEP","description":"Recyclage &amp; valorisation des m\u00e9taux et des m\u00e9taux pr\u00e9cieux","publisher":{"@id":"https:\/\/sovamep.com\/en\/#organization"},"potentialAction":[{"@type":"SearchAction","target":{"@type":"EntryPoint","urlTemplate":"https:\/\/sovamep.com\/en\/?s={search_term_string}"},"query-input":{"@type":"PropertyValueSpecification","valueRequired":true,"valueName":"search_term_string"}}],"inLanguage":"en-US"},{"@type":"Organization","@id":"https:\/\/sovamep.com\/en\/#organization","name":"SOVAMEP","url":"https:\/\/sovamep.com\/en\/","logo":{"@type":"ImageObject","inLanguage":"en-US","@id":"https:\/\/sovamep.com\/en\/#\/schema\/logo\/image\/","url":"https:\/\/sovamep.com\/wp-content\/uploads\/2024\/04\/logo-sovamep-degrade-424x90-1.png","contentUrl":"https:\/\/sovamep.com\/wp-content\/uploads\/2024\/04\/logo-sovamep-degrade-424x90-1.png","width":424,"height":90,"caption":"SOVAMEP"},"image":{"@id":"https:\/\/sovamep.com\/en\/#\/schema\/logo\/image\/"}}]}},"_links":{"self":[{"href":"https:\/\/sovamep.com\/en\/wp-json\/wp\/v2\/pages\/1530","targetHints":{"allow":["GET"]}}],"collection":[{"href":"https:\/\/sovamep.com\/en\/wp-json\/wp\/v2\/pages"}],"about":[{"href":"https:\/\/sovamep.com\/en\/wp-json\/wp\/v2\/types\/page"}],"author":[{"embeddable":true,"href":"https:\/\/sovamep.com\/en\/wp-json\/wp\/v2\/users\/1"}],"replies":[{"embeddable":true,"href":"https:\/\/sovamep.com\/en\/wp-json\/wp\/v2\/comments?post=1530"}],"version-history":[{"count":0,"href":"https:\/\/sovamep.com\/en\/wp-json\/wp\/v2\/pages\/1530\/revisions"}],"wp:featuredmedia":[{"embeddable":true,"href":"https:\/\/sovamep.com\/en\/wp-json\/wp\/v2\/media\/1454"}],"wp:attachment":[{"href":"https:\/\/sovamep.com\/en\/wp-json\/wp\/v2\/media?parent=1530"}],"curies":[{"name":"wp","href":"https:\/\/api.w.org\/{rel}","templated":true}]}}