{"id":1534,"date":"2024-05-01T18:29:27","date_gmt":"2024-05-01T16:29:27","guid":{"rendered":"https:\/\/sovamep.local\/recruitment\/"},"modified":"2024-06-01T23:36:28","modified_gmt":"2024-06-01T21:36:28","slug":"recruitment","status":"publish","type":"page","link":"https:\/\/sovamep.com\/en\/recruitment\/","title":{"rendered":"Recruitment"},"content":{"rendered":"\t\t<div data-elementor-type=\"wp-page\" data-elementor-id=\"1534\" class=\"elementor elementor-1534 elementor-1125\">\n\t\t\t\t\t\t<section class=\"elementor-section elementor-top-section elementor-element elementor-element-55a528a elementor-section-full_width elementor-section-height-min-height elementor-section-height-default elementor-section-items-middle wpr-particle-no wpr-jarallax-no wpr-parallax-no wpr-sticky-section-no\" data-id=\"55a528a\" data-element_type=\"section\" data-settings=\"{&quot;background_background&quot;:&quot;classic&quot;}\">\n\t\t\t\t\t\t\t<div class=\"elementor-background-overlay\"><\/div>\n\t\t\t\t\t\t\t<div class=\"elementor-container elementor-column-gap-default\">\n\t\t\t\t\t<div class=\"elementor-column elementor-col-100 elementor-top-column elementor-element elementor-element-dbe1b10\" data-id=\"dbe1b10\" data-element_type=\"column\">\n\t\t\t<div class=\"elementor-widget-wrap elementor-element-populated\">\n\t\t\t\t\t\t<div class=\"elementor-element elementor-element-1693b19 elementor-widget elementor-widget-heading\" data-id=\"1693b19\" data-element_type=\"widget\" data-widget_type=\"heading.default\">\n\t\t\t\t<div class=\"elementor-widget-container\">\n\t\t\t\t\t<h2 class=\"elementor-heading-title elementor-size-default\">All our job offers<\/h2>\t\t\t\t<\/div>\n\t\t\t\t<\/div>\n\t\t\t\t\t<\/div>\n\t\t<\/div>\n\t\t\t\t\t<\/div>\n\t\t<\/section>\n\t\t\t\t<section class=\"elementor-section elementor-top-section elementor-element elementor-element-77ffcdb elementor-section-full_width elementor-section-height-default elementor-section-height-default wpr-particle-no wpr-jarallax-no wpr-parallax-no wpr-sticky-section-no\" data-id=\"77ffcdb\" data-element_type=\"section\">\n\t\t\t\t\t\t<div class=\"elementor-container elementor-column-gap-default\">\n\t\t\t\t\t<div class=\"elementor-column elementor-col-100 elementor-top-column elementor-element elementor-element-7b4ec05\" data-id=\"7b4ec05\" data-element_type=\"column\">\n\t\t\t<div class=\"elementor-widget-wrap elementor-element-populated\">\n\t\t\t\t\t\t<div class=\"elementor-element elementor-element-d540224 elementor-widget elementor-widget-text-editor\" data-id=\"d540224\" data-element_type=\"widget\" data-widget_type=\"text-editor.default\">\n\t\t\t\t<div class=\"elementor-widget-container\">\n\t\t\t\t\t\t\t\t\t<p>As part of its development, SOVAMEP, a specialist in the collection and recycling of ferrous and non-ferrous metals, as well as the processing of precious metals, is recruiting for its classified facility in Muret (31) :<\/p>\n\t\t\t\t\t\t\t\t<\/div>\n\t\t\t\t<\/div>\n\t\t\t\t<div class=\"elementor-element elementor-element-471c549 elementor-widget elementor-widget-text-editor\" data-id=\"471c549\" data-element_type=\"widget\" data-widget_type=\"text-editor.default\">\n\t\t\t\t<div class=\"elementor-widget-container\">\n\t\t\t\t\t\t\t\t\t<p>Posted on 28.07.2017<\/p>\n\t\t\t\t\t\t\t\t<\/div>\n\t\t\t\t<\/div>\n\t\t\t\t<div class=\"elementor-element elementor-element-285ce5d elementor-widget-divider--view-line elementor-widget elementor-widget-divider\" data-id=\"285ce5d\" data-element_type=\"widget\" data-widget_type=\"divider.default\">\n\t\t\t\t<div class=\"elementor-widget-container\">\n\t\t\t\t\t\t\t<div class=\"elementor-divider\">\n\t\t\t<span class=\"elementor-divider-separator\">\n\t\t\t\t\t\t<\/span>\n\t\t<\/div>\n\t\t\t\t\t\t<\/div>\n\t\t\t\t<\/div>\n\t\t\t\t\t<\/div>\n\t\t<\/div>\n\t\t\t\t\t<\/div>\n\t\t<\/section>\n\t\t\t\t<section class=\"elementor-section elementor-top-section elementor-element elementor-element-1ef96f0 elementor-section-full_width elementor-section-height-default elementor-section-height-default wpr-particle-no wpr-jarallax-no wpr-parallax-no wpr-sticky-section-no\" data-id=\"1ef96f0\" data-element_type=\"section\">\n\t\t\t\t\t\t<div class=\"elementor-container elementor-column-gap-default\">\n\t\t\t\t\t<div class=\"elementor-column elementor-col-50 elementor-top-column elementor-element elementor-element-10ee7da\" data-id=\"10ee7da\" data-element_type=\"column\" data-settings=\"{&quot;background_background&quot;:&quot;classic&quot;}\">\n\t\t\t<div class=\"elementor-widget-wrap elementor-element-populated\">\n\t\t\t\t\t\t<div class=\"elementor-element elementor-element-0d8dd91 elementor-widget elementor-widget-heading\" data-id=\"0d8dd91\" data-element_type=\"widget\" data-widget_type=\"heading.default\">\n\t\t\t\t<div class=\"elementor-widget-container\">\n\t\t\t\t\t<h3 class=\"elementor-heading-title elementor-size-default\">Sorting operator, machine operator<\/h3>\t\t\t\t<\/div>\n\t\t\t\t<\/div>\n\t\t\t\t<div class=\"elementor-element elementor-element-d377e1d elementor-icon-list--layout-traditional elementor-list-item-link-full_width elementor-widget elementor-widget-icon-list\" data-id=\"d377e1d\" data-element_type=\"widget\" data-widget_type=\"icon-list.default\">\n\t\t\t\t<div class=\"elementor-widget-container\">\n\t\t\t\t\t\t\t<ul class=\"elementor-icon-list-items\">\n\t\t\t\t\t\t\t<li class=\"elementor-icon-list-item\">\n\t\t\t\t\t\t\t\t\t\t\t<a href=\"https:\/\/www.google.fr\/maps\/place\/31600+Muret\/\">\n\n\t\t\t\t\t\t\t\t\t\t\t\t<span class=\"elementor-icon-list-icon\">\n\t\t\t\t\t\t\t<i aria-hidden=\"true\" class=\"fas fa-map-marker-alt\"><\/i>\t\t\t\t\t\t<\/span>\n\t\t\t\t\t\t\t\t\t\t<span class=\"elementor-icon-list-text\">Muret<\/span>\n\t\t\t\t\t\t\t\t\t\t\t<\/a>\n\t\t\t\t\t\t\t\t\t<\/li>\n\t\t\t\t\t\t<\/ul>\n\t\t\t\t\t\t<\/div>\n\t\t\t\t<\/div>\n\t\t\t\t<div class=\"elementor-element elementor-element-1ceb182 elementor-widget elementor-widget-toggle\" data-id=\"1ceb182\" data-element_type=\"widget\" data-widget_type=\"toggle.default\">\n\t\t\t\t<div class=\"elementor-widget-container\">\n\t\t\t\t\t\t\t<div class=\"elementor-toggle\">\n\t\t\t\t\t\t\t<div class=\"elementor-toggle-item\">\n\t\t\t\t\t<div id=\"elementor-tab-title-3031\" class=\"elementor-tab-title\" data-tab=\"1\" role=\"button\" aria-controls=\"elementor-tab-content-3031\" aria-expanded=\"false\">\n\t\t\t\t\t\t\t\t\t\t\t\t<span class=\"elementor-toggle-icon elementor-toggle-icon-right\" aria-hidden=\"true\">\n\t\t\t\t\t\t\t\t\t\t\t\t\t\t\t<span class=\"elementor-toggle-icon-closed\"><i class=\"fas fa-plus\"><\/i><\/span>\n\t\t\t\t\t\t\t\t<span class=\"elementor-toggle-icon-opened\"><i class=\"elementor-toggle-icon-opened fas fa-minus\"><\/i><\/span>\n\t\t\t\t\t\t\t\t\t\t\t\t\t<\/span>\n\t\t\t\t\t\t\t\t\t\t\t\t<a class=\"elementor-toggle-title\" tabindex=\"0\">Job description<\/a>\n\t\t\t\t\t<\/div>\n\n\t\t\t\t\t<div id=\"elementor-tab-content-3031\" class=\"elementor-tab-content elementor-clearfix\" data-tab=\"1\" role=\"region\" aria-labelledby=\"elementor-tab-title-3031\"><p>The main task of the operator is to sort ferrous and non-ferrous metals manually. As part of his mission, he will be required to drive a vehicle.<\/p>\n<\/div>\n\t\t\t\t<\/div>\n\t\t\t\t\t\t\t<div class=\"elementor-toggle-item\">\n\t\t\t\t\t<div id=\"elementor-tab-title-3032\" class=\"elementor-tab-title\" data-tab=\"2\" role=\"button\" aria-controls=\"elementor-tab-content-3032\" aria-expanded=\"false\">\n\t\t\t\t\t\t\t\t\t\t\t\t<span class=\"elementor-toggle-icon elementor-toggle-icon-right\" aria-hidden=\"true\">\n\t\t\t\t\t\t\t\t\t\t\t\t\t\t\t<span class=\"elementor-toggle-icon-closed\"><i class=\"fas fa-plus\"><\/i><\/span>\n\t\t\t\t\t\t\t\t<span class=\"elementor-toggle-icon-opened\"><i class=\"elementor-toggle-icon-opened fas fa-minus\"><\/i><\/span>\n\t\t\t\t\t\t\t\t\t\t\t\t\t<\/span>\n\t\t\t\t\t\t\t\t\t\t\t\t<a class=\"elementor-toggle-title\" tabindex=\"0\">Details of the item<\/a>\n\t\t\t\t\t<\/div>\n\n\t\t\t\t\t<div id=\"elementor-tab-content-3032\" class=\"elementor-tab-content elementor-clearfix\" data-tab=\"2\" role=\"region\" aria-labelledby=\"elementor-tab-title-3032\"><p><strong>Experience<\/strong>: Confirmed | Contract: <strong>Permanent contract<\/strong> | <strong>Number of places<\/strong>: 1<\/p>\n<p>Position to be filled immediately<\/p>\n<\/div>\n\t\t\t\t<\/div>\n\t\t\t\t\t\t\t<div class=\"elementor-toggle-item\">\n\t\t\t\t\t<div id=\"elementor-tab-title-3033\" class=\"elementor-tab-title\" data-tab=\"3\" role=\"button\" aria-controls=\"elementor-tab-content-3033\" aria-expanded=\"false\">\n\t\t\t\t\t\t\t\t\t\t\t\t<span class=\"elementor-toggle-icon elementor-toggle-icon-right\" aria-hidden=\"true\">\n\t\t\t\t\t\t\t\t\t\t\t\t\t\t\t<span class=\"elementor-toggle-icon-closed\"><i class=\"fas fa-plus\"><\/i><\/span>\n\t\t\t\t\t\t\t\t<span class=\"elementor-toggle-icon-opened\"><i class=\"elementor-toggle-icon-opened fas fa-minus\"><\/i><\/span>\n\t\t\t\t\t\t\t\t\t\t\t\t\t<\/span>\n\t\t\t\t\t\t\t\t\t\t\t\t<a class=\"elementor-toggle-title\" tabindex=\"0\">Terms and conditions<\/a>\n\t\t\t\t\t<\/div>\n\n\t\t\t\t\t<div id=\"elementor-tab-content-3033\" class=\"elementor-tab-content elementor-clearfix\" data-tab=\"3\" role=\"region\" aria-labelledby=\"elementor-tab-title-3033\"><p>Holder of a B driving license and CACES trolley.<\/p>\n<p>Language: French and English.<\/p>\n<\/div>\n\t\t\t\t<\/div>\n\t\t\t\t\t\t\t\t<\/div>\n\t\t\t\t\t\t<\/div>\n\t\t\t\t<\/div>\n\t\t\t\t\t<\/div>\n\t\t<\/div>\n\t\t\t\t<div class=\"elementor-column elementor-col-50 elementor-top-column elementor-element elementor-element-e166b83\" data-id=\"e166b83\" data-element_type=\"column\">\n\t\t\t<div class=\"elementor-widget-wrap elementor-element-populated\">\n\t\t\t\t\t\t<div class=\"elementor-element elementor-element-127c21d elementor-view-default elementor-widget elementor-widget-icon\" data-id=\"127c21d\" data-element_type=\"widget\" data-widget_type=\"icon.default\">\n\t\t\t\t<div class=\"elementor-widget-container\">\n\t\t\t\t\t\t\t<div class=\"elementor-icon-wrapper\">\n\t\t\t<div class=\"elementor-icon\">\n\t\t\t<i aria-hidden=\"true\" class=\"far fa-envelope\"><\/i>\t\t\t<\/div>\n\t\t<\/div>\n\t\t\t\t\t\t<\/div>\n\t\t\t\t<\/div>\n\t\t\t\t<div class=\"elementor-element elementor-element-89b28a5 elementor-widget elementor-widget-heading\" data-id=\"89b28a5\" data-element_type=\"widget\" data-widget_type=\"heading.default\">\n\t\t\t\t<div class=\"elementor-widget-container\">\n\t\t\t\t\t<h3 class=\"elementor-heading-title elementor-size-default\">Write to us<\/h3>\t\t\t\t<\/div>\n\t\t\t\t<\/div>\n\t\t\t\t<div class=\"elementor-element elementor-element-7e1da57 elementor-widget elementor-widget-text-editor\" data-id=\"7e1da57\" data-element_type=\"widget\" data-widget_type=\"text-editor.default\">\n\t\t\t\t<div class=\"elementor-widget-container\">\n\t\t\t\t\t\t\t\t\t<p><a href=\"mailto:sovamep@sovamep.com\">sovamep@sovamep.com<\/a><\/p>\n\t\t\t\t\t\t\t\t<\/div>\n\t\t\t\t<\/div>\n\t\t\t\t\t<\/div>\n\t\t<\/div>\n\t\t\t\t\t<\/div>\n\t\t<\/section>\n\t\t\t\t<\/div>\n\t\t","protected":false},"excerpt":{"rendered":"<p>All our job offers As part of its development, SOVAMEP, a specialist in the collection and recycling of ferrous and non-ferrous metals, as well as the processing of precious metals, is recruiting for its classified facility in Muret (31) : Posted on 28.07.2017 Sorting operator, machine operator Muret Job description The main task of the operator is to sort ferrous and non-ferrous metals manually. As part of his mission, he will be required to drive a vehicle. Details of the item Experience: Confirmed | Contract: Permanent contract | Number of places: 1 Position to be filled immediately Terms and conditions Holder of a B driving license and CACES trolley. Language: French and English. Write to us sovamep@sovamep.com<\/p>\n","protected":false},"author":1,"featured_media":1458,"parent":0,"menu_order":0,"comment_status":"closed","ping_status":"closed","template":"","meta":{"_acf_changed":false,"_eb_attr":"","_monsterinsights_skip_tracking":false,"_monsterinsights_sitenote_active":false,"_monsterinsights_sitenote_note":"","_monsterinsights_sitenote_category":0,"ocean_post_layout":"full-screen","ocean_both_sidebars_style":"","ocean_both_sidebars_content_width":0,"ocean_both_sidebars_sidebars_width":0,"ocean_sidebar":"","ocean_second_sidebar":"","ocean_disable_margins":"on","ocean_add_body_class":"","ocean_shortcode_before_top_bar":"","ocean_shortcode_after_top_bar":"","ocean_shortcode_before_header":"","ocean_shortcode_after_header":"","ocean_has_shortcode":"","ocean_shortcode_after_title":"","ocean_shortcode_before_footer_widgets":"","ocean_shortcode_after_footer_widgets":"","ocean_shortcode_before_footer_bottom":"","ocean_shortcode_after_footer_bottom":"","ocean_display_top_bar":"default","ocean_display_header":"default","ocean_header_style":"","ocean_center_header_left_menu":"","ocean_custom_header_template":"","ocean_custom_logo":0,"ocean_custom_retina_logo":0,"ocean_custom_logo_max_width":0,"ocean_custom_logo_tablet_max_width":0,"ocean_custom_logo_mobile_max_width":0,"ocean_custom_logo_max_height":0,"ocean_custom_logo_tablet_max_height":0,"ocean_custom_logo_mobile_max_height":0,"ocean_header_custom_menu":"","ocean_menu_typo_font_family":"","ocean_menu_typo_font_subset":"","ocean_menu_typo_font_size":0,"ocean_menu_typo_font_size_tablet":0,"ocean_menu_typo_font_size_mobile":0,"ocean_menu_typo_font_size_unit":"px","ocean_menu_typo_font_weight":"","ocean_menu_typo_font_weight_tablet":"","ocean_menu_typo_font_weight_mobile":"","ocean_menu_typo_transform":"","ocean_menu_typo_transform_tablet":"","ocean_menu_typo_transform_mobile":"","ocean_menu_typo_line_height":0,"ocean_menu_typo_line_height_tablet":0,"ocean_menu_typo_line_height_mobile":0,"ocean_menu_typo_line_height_unit":"","ocean_menu_typo_spacing":0,"ocean_menu_typo_spacing_tablet":0,"ocean_menu_typo_spacing_mobile":0,"ocean_menu_typo_spacing_unit":"","ocean_menu_link_color":"","ocean_menu_link_color_hover":"","ocean_menu_link_color_active":"","ocean_menu_link_background":"","ocean_menu_link_hover_background":"","ocean_menu_link_active_background":"","ocean_menu_social_links_bg":"","ocean_menu_social_hover_links_bg":"","ocean_menu_social_links_color":"","ocean_menu_social_hover_links_color":"","ocean_disable_title":"on","ocean_disable_heading":"default","ocean_post_title":"","ocean_post_subheading":"","ocean_post_title_style":"","ocean_post_title_background_color":"","ocean_post_title_background":0,"ocean_post_title_bg_image_position":"","ocean_post_title_bg_image_attachment":"","ocean_post_title_bg_image_repeat":"","ocean_post_title_bg_image_size":"","ocean_post_title_height":0,"ocean_post_title_bg_overlay":0.5,"ocean_post_title_bg_overlay_color":"","ocean_disable_breadcrumbs":"default","ocean_breadcrumbs_color":"","ocean_breadcrumbs_separator_color":"","ocean_breadcrumbs_links_color":"","ocean_breadcrumbs_links_hover_color":"","ocean_display_footer_widgets":"default","ocean_display_footer_bottom":"default","ocean_custom_footer_template":"","omw_enable_modal_window":"enable","footnotes":""},"class_list":["post-1534","page","type-page","status-publish","has-post-thumbnail","hentry","entry","has-media"],"acf":[],"yoast_head":"<!-- This site is optimized with the Yoast SEO plugin v26.0 - https:\/\/yoast.com\/wordpress\/plugins\/seo\/ -->\n<title>Recruitment - SOVAMEP<\/title>\n<meta name=\"description\" content=\"SOVAMEP - Collection, recycling and recovery of industrial metal waste, metals and precious metals - Our job offers\" \/>\n<meta name=\"robots\" content=\"index, follow, max-snippet:-1, max-image-preview:large, max-video-preview:-1\" \/>\n<link rel=\"canonical\" href=\"https:\/\/sovamep.com\/en\/recruitment\/\" \/>\n<meta property=\"og:locale\" content=\"en_US\" \/>\n<meta property=\"og:type\" content=\"article\" \/>\n<meta property=\"og:title\" content=\"Recruitment - SOVAMEP\" \/>\n<meta property=\"og:description\" content=\"SOVAMEP - Collection, recycling and recovery of industrial metal waste, metals and precious metals - Our job offers\" \/>\n<meta property=\"og:url\" content=\"https:\/\/sovamep.com\/en\/recruitment\/\" \/>\n<meta property=\"og:site_name\" content=\"SOVAMEP\" \/>\n<meta property=\"article:modified_time\" content=\"2024-06-01T21:36:28+00:00\" \/>\n<meta property=\"og:image\" content=\"https:\/\/sovamep.com\/wp-content\/uploads\/2024\/05\/sovamep-recyclage-metaux-contact.webp\" \/>\n\t<meta property=\"og:image:width\" content=\"300\" \/>\n\t<meta property=\"og:image:height\" content=\"300\" \/>\n\t<meta property=\"og:image:type\" content=\"image\/webp\" \/>\n<meta name=\"twitter:card\" content=\"summary_large_image\" \/>\n<meta name=\"twitter:label1\" content=\"Est. reading time\" \/>\n\t<meta name=\"twitter:data1\" content=\"1 minute\" \/>\n<script type=\"application\/ld+json\" class=\"yoast-schema-graph\">{\"@context\":\"https:\/\/schema.org\",\"@graph\":[{\"@type\":\"WebPage\",\"@id\":\"https:\/\/sovamep.com\/en\/recruitment\/\",\"url\":\"https:\/\/sovamep.com\/en\/recruitment\/\",\"name\":\"Recruitment - SOVAMEP\",\"isPartOf\":{\"@id\":\"https:\/\/sovamep.com\/en\/#website\"},\"primaryImageOfPage\":{\"@id\":\"https:\/\/sovamep.com\/en\/recruitment\/#primaryimage\"},\"image\":{\"@id\":\"https:\/\/sovamep.com\/en\/recruitment\/#primaryimage\"},\"thumbnailUrl\":\"https:\/\/sovamep.com\/wp-content\/uploads\/2024\/05\/sovamep-recyclage-metaux-contact.webp\",\"datePublished\":\"2024-05-01T16:29:27+00:00\",\"dateModified\":\"2024-06-01T21:36:28+00:00\",\"description\":\"SOVAMEP - Collection, recycling and recovery of industrial metal waste, metals and precious metals - Our job offers\",\"breadcrumb\":{\"@id\":\"https:\/\/sovamep.com\/en\/recruitment\/#breadcrumb\"},\"inLanguage\":\"en-US\",\"potentialAction\":[{\"@type\":\"ReadAction\",\"target\":[\"https:\/\/sovamep.com\/en\/recruitment\/\"]}]},{\"@type\":\"ImageObject\",\"inLanguage\":\"en-US\",\"@id\":\"https:\/\/sovamep.com\/en\/recruitment\/#primaryimage\",\"url\":\"https:\/\/sovamep.com\/wp-content\/uploads\/2024\/05\/sovamep-recyclage-metaux-contact.webp\",\"contentUrl\":\"https:\/\/sovamep.com\/wp-content\/uploads\/2024\/05\/sovamep-recyclage-metaux-contact.webp\",\"width\":300,\"height\":300},{\"@type\":\"BreadcrumbList\",\"@id\":\"https:\/\/sovamep.com\/en\/recruitment\/#breadcrumb\",\"itemListElement\":[{\"@type\":\"ListItem\",\"position\":1,\"name\":\"Accueil\",\"item\":\"https:\/\/sovamep.com\/en\/\"},{\"@type\":\"ListItem\",\"position\":2,\"name\":\"Recruitment\"}]},{\"@type\":\"WebSite\",\"@id\":\"https:\/\/sovamep.com\/en\/#website\",\"url\":\"https:\/\/sovamep.com\/en\/\",\"name\":\"SOVAMEP\",\"description\":\"Recyclage &amp; valorisation des m\u00e9taux et des m\u00e9taux pr\u00e9cieux\",\"publisher\":{\"@id\":\"https:\/\/sovamep.com\/en\/#organization\"},\"potentialAction\":[{\"@type\":\"SearchAction\",\"target\":{\"@type\":\"EntryPoint\",\"urlTemplate\":\"https:\/\/sovamep.com\/en\/?s={search_term_string}\"},\"query-input\":{\"@type\":\"PropertyValueSpecification\",\"valueRequired\":true,\"valueName\":\"search_term_string\"}}],\"inLanguage\":\"en-US\"},{\"@type\":\"Organization\",\"@id\":\"https:\/\/sovamep.com\/en\/#organization\",\"name\":\"SOVAMEP\",\"url\":\"https:\/\/sovamep.com\/en\/\",\"logo\":{\"@type\":\"ImageObject\",\"inLanguage\":\"en-US\",\"@id\":\"https:\/\/sovamep.com\/en\/#\/schema\/logo\/image\/\",\"url\":\"https:\/\/sovamep.com\/wp-content\/uploads\/2024\/04\/logo-sovamep-degrade-424x90-1.png\",\"contentUrl\":\"https:\/\/sovamep.com\/wp-content\/uploads\/2024\/04\/logo-sovamep-degrade-424x90-1.png\",\"width\":424,\"height\":90,\"caption\":\"SOVAMEP\"},\"image\":{\"@id\":\"https:\/\/sovamep.com\/en\/#\/schema\/logo\/image\/\"}}]}<\/script>\n<!-- \/ Yoast SEO plugin. -->","yoast_head_json":{"title":"Recruitment - SOVAMEP","description":"SOVAMEP - Collection, recycling and recovery of industrial metal waste, metals and precious metals - Our job offers","robots":{"index":"index","follow":"follow","max-snippet":"max-snippet:-1","max-image-preview":"max-image-preview:large","max-video-preview":"max-video-preview:-1"},"canonical":"https:\/\/sovamep.com\/en\/recruitment\/","og_locale":"en_US","og_type":"article","og_title":"Recruitment - SOVAMEP","og_description":"SOVAMEP - Collection, recycling and recovery of industrial metal waste, metals and precious metals - Our job offers","og_url":"https:\/\/sovamep.com\/en\/recruitment\/","og_site_name":"SOVAMEP","article_modified_time":"2024-06-01T21:36:28+00:00","og_image":[{"width":300,"height":300,"url":"https:\/\/sovamep.com\/wp-content\/uploads\/2024\/05\/sovamep-recyclage-metaux-contact.webp","type":"image\/webp"}],"twitter_card":"summary_large_image","twitter_misc":{"Est. reading time":"1 minute"},"schema":{"@context":"https:\/\/schema.org","@graph":[{"@type":"WebPage","@id":"https:\/\/sovamep.com\/en\/recruitment\/","url":"https:\/\/sovamep.com\/en\/recruitment\/","name":"Recruitment - SOVAMEP","isPartOf":{"@id":"https:\/\/sovamep.com\/en\/#website"},"primaryImageOfPage":{"@id":"https:\/\/sovamep.com\/en\/recruitment\/#primaryimage"},"image":{"@id":"https:\/\/sovamep.com\/en\/recruitment\/#primaryimage"},"thumbnailUrl":"https:\/\/sovamep.com\/wp-content\/uploads\/2024\/05\/sovamep-recyclage-metaux-contact.webp","datePublished":"2024-05-01T16:29:27+00:00","dateModified":"2024-06-01T21:36:28+00:00","description":"SOVAMEP - Collection, recycling and recovery of industrial metal waste, metals and precious metals - Our job offers","breadcrumb":{"@id":"https:\/\/sovamep.com\/en\/recruitment\/#breadcrumb"},"inLanguage":"en-US","potentialAction":[{"@type":"ReadAction","target":["https:\/\/sovamep.com\/en\/recruitment\/"]}]},{"@type":"ImageObject","inLanguage":"en-US","@id":"https:\/\/sovamep.com\/en\/recruitment\/#primaryimage","url":"https:\/\/sovamep.com\/wp-content\/uploads\/2024\/05\/sovamep-recyclage-metaux-contact.webp","contentUrl":"https:\/\/sovamep.com\/wp-content\/uploads\/2024\/05\/sovamep-recyclage-metaux-contact.webp","width":300,"height":300},{"@type":"BreadcrumbList","@id":"https:\/\/sovamep.com\/en\/recruitment\/#breadcrumb","itemListElement":[{"@type":"ListItem","position":1,"name":"Accueil","item":"https:\/\/sovamep.com\/en\/"},{"@type":"ListItem","position":2,"name":"Recruitment"}]},{"@type":"WebSite","@id":"https:\/\/sovamep.com\/en\/#website","url":"https:\/\/sovamep.com\/en\/","name":"SOVAMEP","description":"Recyclage &amp; valorisation des m\u00e9taux et des m\u00e9taux pr\u00e9cieux","publisher":{"@id":"https:\/\/sovamep.com\/en\/#organization"},"potentialAction":[{"@type":"SearchAction","target":{"@type":"EntryPoint","urlTemplate":"https:\/\/sovamep.com\/en\/?s={search_term_string}"},"query-input":{"@type":"PropertyValueSpecification","valueRequired":true,"valueName":"search_term_string"}}],"inLanguage":"en-US"},{"@type":"Organization","@id":"https:\/\/sovamep.com\/en\/#organization","name":"SOVAMEP","url":"https:\/\/sovamep.com\/en\/","logo":{"@type":"ImageObject","inLanguage":"en-US","@id":"https:\/\/sovamep.com\/en\/#\/schema\/logo\/image\/","url":"https:\/\/sovamep.com\/wp-content\/uploads\/2024\/04\/logo-sovamep-degrade-424x90-1.png","contentUrl":"https:\/\/sovamep.com\/wp-content\/uploads\/2024\/04\/logo-sovamep-degrade-424x90-1.png","width":424,"height":90,"caption":"SOVAMEP"},"image":{"@id":"https:\/\/sovamep.com\/en\/#\/schema\/logo\/image\/"}}]}},"_links":{"self":[{"href":"https:\/\/sovamep.com\/en\/wp-json\/wp\/v2\/pages\/1534","targetHints":{"allow":["GET"]}}],"collection":[{"href":"https:\/\/sovamep.com\/en\/wp-json\/wp\/v2\/pages"}],"about":[{"href":"https:\/\/sovamep.com\/en\/wp-json\/wp\/v2\/types\/page"}],"author":[{"embeddable":true,"href":"https:\/\/sovamep.com\/en\/wp-json\/wp\/v2\/users\/1"}],"replies":[{"embeddable":true,"href":"https:\/\/sovamep.com\/en\/wp-json\/wp\/v2\/comments?post=1534"}],"version-history":[{"count":0,"href":"https:\/\/sovamep.com\/en\/wp-json\/wp\/v2\/pages\/1534\/revisions"}],"wp:featuredmedia":[{"embeddable":true,"href":"https:\/\/sovamep.com\/en\/wp-json\/wp\/v2\/media\/1458"}],"wp:attachment":[{"href":"https:\/\/sovamep.com\/en\/wp-json\/wp\/v2\/media?parent=1534"}],"curies":[{"name":"wp","href":"https:\/\/api.w.org\/{rel}","templated":true}]}}